{"id":9559,"date":"2025-10-14T14:08:32","date_gmt":"2025-10-14T11:08:32","guid":{"rendered":"https:\/\/ozince.com\/magaza\/kategorilenmemis\/ytt-1473-burc-salincak-astra-g-zafira-a-on-buyuk\/"},"modified":"2025-11-25T18:16:03","modified_gmt":"2025-11-25T15:16:03","slug":"ytt-1473-burc-salincak-astra-g-zafira-a-on-buyuk","status":"publish","type":"product","link":"https:\/\/ozince.com\/magaza\/alt-takim-urunleri\/ytt-1473-burc-salincak-astra-g-zafira-a-on-buyuk\/","title":{"rendered":"YTT-1473 BUR\u00c7 SALINCAK ASTRA G \/ ZAFIRA A \u00d6N B\u00dcY\u00dcK"},"content":{"rendered":"","protected":false},"excerpt":{"rendered":"","protected":false},"featured_media":13450,"template":"","meta":[],"product_brand":[413],"product_cat":[382],"product_tag":[378],"class_list":{"0":"post-9559","1":"product","2":"type-product","3":"status-publish","4":"has-post-thumbnail","6":"arac_markasi_modeli-astra-g","7":"arac_markasi_modeli-opel","8":"arac_markasi_modeli-zafira-a","9":"product_brand-ytt","10":"product_cat-alt-takim-urunleri","11":"product_tag-altay","13":"first","14":"instock","15":"taxable","16":"shipping-taxable","17":"purchasable","18":"product-type-simple"},"jetpack_sharing_enabled":true,"_links":{"self":[{"href":"https:\/\/ozince.com\/magaza\/wp-json\/wp\/v2\/product\/9559","targetHints":{"allow":["GET"]}}],"collection":[{"href":"https:\/\/ozince.com\/magaza\/wp-json\/wp\/v2\/product"}],"about":[{"href":"https:\/\/ozince.com\/magaza\/wp-json\/wp\/v2\/types\/product"}],"wp:featuredmedia":[{"embeddable":true,"href":"https:\/\/ozince.com\/magaza\/wp-json\/wp\/v2\/media\/13450"}],"wp:attachment":[{"href":"https:\/\/ozince.com\/magaza\/wp-json\/wp\/v2\/media?parent=9559"}],"wp:term":[{"taxonomy":"product_brand","embeddable":true,"href":"https:\/\/ozince.com\/magaza\/wp-json\/wp\/v2\/product_brand?post=9559"},{"taxonomy":"product_cat","embeddable":true,"href":"https:\/\/ozince.com\/magaza\/wp-json\/wp\/v2\/product_cat?post=9559"},{"taxonomy":"product_tag","embeddable":true,"href":"https:\/\/ozince.com\/magaza\/wp-json\/wp\/v2\/product_tag?post=9559"}],"curies":[{"name":"wp","href":"https:\/\/api.w.org\/{rel}","templated":true}]}}