{"id":9543,"date":"2026-04-08T08:12:19","date_gmt":"2026-04-08T05:12:19","guid":{"rendered":"https:\/\/ozince.com\/magaza\/kategorilenmemis\/fae-79337-sensor-eksantrik-devir-astra-h-astra-j-insignia-a-mokka-mokka-x-vectra-c-zafira-b-zafira-c-a18xer-z18xer-z16xer-z18xer-a16xer-b16xer\/"},"modified":"2026-04-08T08:12:20","modified_gmt":"2026-04-08T05:12:20","slug":"fae-79337-sensor-eksantrik-devir-astra-h-astra-j-insignia-a-mokka-mokka-x-vectra-c-zafira-b-zafira-c-a18xer-z18xer-z16xer-z18xer-a16xer-b16xer","status":"publish","type":"product","link":"https:\/\/ozince.com\/magaza\/sensor-ve-elektrik-urunleri\/fae-79337-sensor-eksantrik-devir-astra-h-astra-j-insignia-a-mokka-mokka-x-vectra-c-zafira-b-zafira-c-a18xer-z18xer-z16xer-z18xer-a16xer-b16xer\/","title":{"rendered":"FAE-79337 SENS\u00d6R EKSANTR\u0130K DEV\u0130R ASTRA H \/ ASTRA J \/ INSIGNIA A \/ MOKKA \/ MOKKA X \/ VECTRA C \/ ZAFIRA B \/ ZAFIRA C A18XER-Z18XER-Z16XER-Z18XER-A16XER-B16XER"},"content":{"rendered":"","protected":false},"excerpt":{"rendered":"","protected":false},"featured_media":13935,"template":"","meta":[],"product_brand":[428],"product_cat":[374],"product_tag":[378],"class_list":{"0":"post-9543","1":"product","2":"type-product","3":"status-publish","4":"has-post-thumbnail","6":"arac_markasi_modeli-astra-h","7":"arac_markasi_modeli-astra-j","8":"arac_markasi_modeli-insignia-a","9":"arac_markasi_modeli-mokka","10":"arac_markasi_modeli-mokka-x","11":"arac_markasi_modeli-opel","12":"arac_markasi_modeli-vectra-c","13":"arac_markasi_modeli-zafira-b","14":"arac_markasi_modeli-zafira-c","15":"product_brand-fae","16":"product_cat-sensor-ve-elektrik-urunleri","17":"product_tag-altay","19":"first","20":"instock","21":"taxable","22":"shipping-taxable","23":"purchasable","24":"product-type-simple"},"jetpack_sharing_enabled":true,"_links":{"self":[{"href":"https:\/\/ozince.com\/magaza\/wp-json\/wp\/v2\/product\/9543","targetHints":{"allow":["GET"]}}],"collection":[{"href":"https:\/\/ozince.com\/magaza\/wp-json\/wp\/v2\/product"}],"about":[{"href":"https:\/\/ozince.com\/magaza\/wp-json\/wp\/v2\/types\/product"}],"wp:featuredmedia":[{"embeddable":true,"href":"https:\/\/ozince.com\/magaza\/wp-json\/wp\/v2\/media\/13935"}],"wp:attachment":[{"href":"https:\/\/ozince.com\/magaza\/wp-json\/wp\/v2\/media?parent=9543"}],"wp:term":[{"taxonomy":"product_brand","embeddable":true,"href":"https:\/\/ozince.com\/magaza\/wp-json\/wp\/v2\/product_brand?post=9543"},{"taxonomy":"product_cat","embeddable":true,"href":"https:\/\/ozince.com\/magaza\/wp-json\/wp\/v2\/product_cat?post=9543"},{"taxonomy":"product_tag","embeddable":true,"href":"https:\/\/ozince.com\/magaza\/wp-json\/wp\/v2\/product_tag?post=9543"}],"curies":[{"name":"wp","href":"https:\/\/api.w.org\/{rel}","templated":true}]}}