{"id":9531,"date":"2026-04-16T08:15:37","date_gmt":"2026-04-16T05:15:37","guid":{"rendered":"https:\/\/ozince.com\/magaza\/kategorilenmemis\/vr-14-32331-01-civata-silindir-kapak-saplama-astra-j-09-15-corsa-d-06-14-1-2-1-4-a12xer-a14xer-takim\/"},"modified":"2026-04-16T08:15:38","modified_gmt":"2026-04-16T05:15:38","slug":"vr-14-32331-01-civata-silindir-kapak-saplama-astra-j-09-15-corsa-d-06-14-1-2-1-4-a12xer-a14xer-takim","status":"publish","type":"product","link":"https:\/\/ozince.com\/magaza\/motor-mekanik-urunleri\/vr-14-32331-01-civata-silindir-kapak-saplama-astra-j-09-15-corsa-d-06-14-1-2-1-4-a12xer-a14xer-takim\/","title":{"rendered":"VR-14-32331-01 C\u0130VATA S\u0130L\u0130ND\u0130R KAPAK SAPLAMA ASTRA J 09-15 \/ CORSA D 06-14 \/ 1.2-1.4 (A12XER-A14XER) TAKIM"},"content":{"rendered":"","protected":false},"excerpt":{"rendered":"","protected":false},"featured_media":14564,"template":"","meta":[],"product_brand":[422],"product_cat":[298],"product_tag":[378],"class_list":{"0":"post-9531","1":"product","2":"type-product","3":"status-publish","4":"has-post-thumbnail","6":"arac_markasi_modeli-astra-j","7":"arac_markasi_modeli-corsa-d","8":"arac_markasi_modeli-opel","9":"product_brand-v-reinz","10":"product_cat-motor-mekanik-urunleri","11":"product_tag-altay","13":"first","14":"instock","15":"taxable","16":"shipping-taxable","17":"purchasable","18":"product-type-simple"},"jetpack_sharing_enabled":true,"_links":{"self":[{"href":"https:\/\/ozince.com\/magaza\/wp-json\/wp\/v2\/product\/9531","targetHints":{"allow":["GET"]}}],"collection":[{"href":"https:\/\/ozince.com\/magaza\/wp-json\/wp\/v2\/product"}],"about":[{"href":"https:\/\/ozince.com\/magaza\/wp-json\/wp\/v2\/types\/product"}],"wp:featuredmedia":[{"embeddable":true,"href":"https:\/\/ozince.com\/magaza\/wp-json\/wp\/v2\/media\/14564"}],"wp:attachment":[{"href":"https:\/\/ozince.com\/magaza\/wp-json\/wp\/v2\/media?parent=9531"}],"wp:term":[{"taxonomy":"product_brand","embeddable":true,"href":"https:\/\/ozince.com\/magaza\/wp-json\/wp\/v2\/product_brand?post=9531"},{"taxonomy":"product_cat","embeddable":true,"href":"https:\/\/ozince.com\/magaza\/wp-json\/wp\/v2\/product_cat?post=9531"},{"taxonomy":"product_tag","embeddable":true,"href":"https:\/\/ozince.com\/magaza\/wp-json\/wp\/v2\/product_tag?post=9531"}],"curies":[{"name":"wp","href":"https:\/\/api.w.org\/{rel}","templated":true}]}}