{"id":9525,"date":"2026-04-11T08:19:43","date_gmt":"2026-04-11T05:19:43","guid":{"rendered":"https:\/\/ozince.com\/magaza\/kategorilenmemis\/bsh-0242240707-atesleme-bujisi-astra-j-insignia-corsa-e-mokka-cruze-zafira-c-a14net-b14net-b14neh-marea-98-06-bravo-98-06-2-0-16v-hgt-ifr7x7g\/"},"modified":"2026-04-11T08:19:45","modified_gmt":"2026-04-11T05:19:45","slug":"ngk-91039-atesleme-bujisi-astra-j-insignia-corsa-e-mokka-cruze-zafira-c-a14net-b14net-b14neh-marea-98-06-bravo-98-06-2-0-16v-hgt-ifr7x7g","status":"publish","type":"product","link":"https:\/\/ozince.com\/magaza\/sensor-ve-elektrik-urunleri\/ngk-91039-atesleme-bujisi-astra-j-insignia-corsa-e-mokka-cruze-zafira-c-a14net-b14net-b14neh-marea-98-06-bravo-98-06-2-0-16v-hgt-ifr7x7g\/","title":{"rendered":"NGK-91039 ATE\u015eLEME BUJ\u0130S\u0130 ASTRA J \/ INSIGNIA \/ CORSA E \/ MOKKA \/ CRUZE \/ ZAFIRA C A14NET-B14NET-B14NEH \/ MAREA 98-06 \/ BRAVO 98-06 2.0 16V HGT (IFR7X7G)"},"content":{"rendered":"","protected":false},"excerpt":{"rendered":"","protected":false},"featured_media":15970,"template":"","meta":[],"product_brand":[417],"product_cat":[374],"product_tag":[378],"class_list":{"0":"post-9525","1":"product","2":"type-product","3":"status-publish","4":"has-post-thumbnail","6":"arac_markasi_modeli-astra-j","7":"arac_markasi_modeli-corsa-e","8":"arac_markasi_modeli-mokka","9":"arac_markasi_modeli-opel","10":"arac_markasi_modeli-zafira-c","11":"product_brand-ngk","12":"product_cat-sensor-ve-elektrik-urunleri","13":"product_tag-altay","15":"first","16":"instock","17":"taxable","18":"shipping-taxable","19":"purchasable","20":"product-type-simple"},"jetpack_sharing_enabled":true,"_links":{"self":[{"href":"https:\/\/ozince.com\/magaza\/wp-json\/wp\/v2\/product\/9525","targetHints":{"allow":["GET"]}}],"collection":[{"href":"https:\/\/ozince.com\/magaza\/wp-json\/wp\/v2\/product"}],"about":[{"href":"https:\/\/ozince.com\/magaza\/wp-json\/wp\/v2\/types\/product"}],"wp:featuredmedia":[{"embeddable":true,"href":"https:\/\/ozince.com\/magaza\/wp-json\/wp\/v2\/media\/15970"}],"wp:attachment":[{"href":"https:\/\/ozince.com\/magaza\/wp-json\/wp\/v2\/media?parent=9525"}],"wp:term":[{"taxonomy":"product_brand","embeddable":true,"href":"https:\/\/ozince.com\/magaza\/wp-json\/wp\/v2\/product_brand?post=9525"},{"taxonomy":"product_cat","embeddable":true,"href":"https:\/\/ozince.com\/magaza\/wp-json\/wp\/v2\/product_cat?post=9525"},{"taxonomy":"product_tag","embeddable":true,"href":"https:\/\/ozince.com\/magaza\/wp-json\/wp\/v2\/product_tag?post=9525"}],"curies":[{"name":"wp","href":"https:\/\/api.w.org\/{rel}","templated":true}]}}