{"id":9518,"date":"2026-04-07T08:16:31","date_gmt":"2026-04-07T05:16:31","guid":{"rendered":"https:\/\/ozince.com\/magaza\/kategorilenmemis\/gates-k025499xs-triger-seti-opel-astra-g-corsa-c-vectra-c-meriva-a-zafira-a-x14xe-x16xel-z14xe-z16xe-z18xe-162-dis-civatali-set\/"},"modified":"2026-04-07T08:16:33","modified_gmt":"2026-04-07T05:16:33","slug":"gates-k025499xs-triger-seti-opel-astra-g-corsa-c-vectra-c-meriva-a-zafira-a-x14xe-x16xel-z14xe-z16xe-z18xe-162-dis-civatali-set","status":"publish","type":"product","link":"https:\/\/ozince.com\/magaza\/motor-mekanik-urunleri\/gates-k025499xs-triger-seti-opel-astra-g-corsa-c-vectra-c-meriva-a-zafira-a-x14xe-x16xel-z14xe-z16xe-z18xe-162-dis-civatali-set\/","title":{"rendered":"GATES-K025499XS TR\u0130GER SET\u0130 OPEL ASTRA G \/ CORSA C \/ VECTRA C \/ MERIVA A \/ ZAFIRA A X14XE-X16XEL-Z14XE-Z16XE-Z18XE 162 D\u0130\u015e (C\u0130VATALI SET)"},"content":{"rendered":"","protected":false},"excerpt":{"rendered":"","protected":false},"featured_media":15102,"template":"","meta":[],"product_brand":[299],"product_cat":[298],"product_tag":[378],"class_list":{"0":"post-9518","1":"product","2":"type-product","3":"status-publish","4":"has-post-thumbnail","6":"arac_markasi_modeli-astra-g","7":"arac_markasi_modeli-corsa-c","8":"arac_markasi_modeli-meriva","9":"arac_markasi_modeli-meriva-a","10":"arac_markasi_modeli-opel","11":"arac_markasi_modeli-vectra-c","12":"arac_markasi_modeli-zafira-a","13":"product_brand-gates","14":"product_cat-motor-mekanik-urunleri","15":"product_tag-altay","17":"first","18":"instock","19":"taxable","20":"shipping-taxable","21":"purchasable","22":"product-type-simple"},"jetpack_sharing_enabled":true,"_links":{"self":[{"href":"https:\/\/ozince.com\/magaza\/wp-json\/wp\/v2\/product\/9518","targetHints":{"allow":["GET"]}}],"collection":[{"href":"https:\/\/ozince.com\/magaza\/wp-json\/wp\/v2\/product"}],"about":[{"href":"https:\/\/ozince.com\/magaza\/wp-json\/wp\/v2\/types\/product"}],"wp:featuredmedia":[{"embeddable":true,"href":"https:\/\/ozince.com\/magaza\/wp-json\/wp\/v2\/media\/15102"}],"wp:attachment":[{"href":"https:\/\/ozince.com\/magaza\/wp-json\/wp\/v2\/media?parent=9518"}],"wp:term":[{"taxonomy":"product_brand","embeddable":true,"href":"https:\/\/ozince.com\/magaza\/wp-json\/wp\/v2\/product_brand?post=9518"},{"taxonomy":"product_cat","embeddable":true,"href":"https:\/\/ozince.com\/magaza\/wp-json\/wp\/v2\/product_cat?post=9518"},{"taxonomy":"product_tag","embeddable":true,"href":"https:\/\/ozince.com\/magaza\/wp-json\/wp\/v2\/product_tag?post=9518"}],"curies":[{"name":"wp","href":"https:\/\/api.w.org\/{rel}","templated":true}]}}