{"id":9513,"date":"2026-05-01T08:19:08","date_gmt":"2026-05-01T05:19:08","guid":{"rendered":"https:\/\/ozince.com\/magaza\/kategorilenmemis\/tpr-208646001-sensor-eksantrik-devir-astra-j-insignia-mokka-corsa-d-cruze-07-z12xep-z14xep-a16xer-b16xer-emme\/"},"modified":"2026-05-01T08:19:09","modified_gmt":"2026-05-01T05:19:09","slug":"tpr-208646001-sensor-eksantrik-devir-astra-j-insignia-mokka-corsa-d-cruze-07-z12xep-z14xep-a16xer-b16xer-emme","status":"publish","type":"product","link":"https:\/\/ozince.com\/magaza\/sensor-ve-elektrik-urunleri\/tpr-208646001-sensor-eksantrik-devir-astra-j-insignia-mokka-corsa-d-cruze-07-z12xep-z14xep-a16xer-b16xer-emme\/","title":{"rendered":"TPR-208646001 SENS\u00d6R EKSANTR\u0130K DEV\u0130R ASTRA J \/ INSIGNIA \/ MOKKA \/ CORSA D \/ CRUZE 07= Z12XEP-Z14XEP-A16XER-B16XER EMME"},"content":{"rendered":"","protected":false},"excerpt":{"rendered":"","protected":false},"featured_media":15628,"template":"","meta":[],"product_brand":[336],"product_cat":[374],"product_tag":[378],"class_list":{"0":"post-9513","1":"product","2":"type-product","3":"status-publish","4":"has-post-thumbnail","6":"arac_markasi_modeli-astra-j","7":"arac_markasi_modeli-corsa-d","8":"arac_markasi_modeli-mokka","9":"arac_markasi_modeli-opel","10":"product_brand-topran","11":"product_cat-sensor-ve-elektrik-urunleri","12":"product_tag-altay","14":"first","15":"instock","16":"taxable","17":"shipping-taxable","18":"purchasable","19":"product-type-simple"},"jetpack_sharing_enabled":true,"_links":{"self":[{"href":"https:\/\/ozince.com\/magaza\/wp-json\/wp\/v2\/product\/9513","targetHints":{"allow":["GET"]}}],"collection":[{"href":"https:\/\/ozince.com\/magaza\/wp-json\/wp\/v2\/product"}],"about":[{"href":"https:\/\/ozince.com\/magaza\/wp-json\/wp\/v2\/types\/product"}],"wp:featuredmedia":[{"embeddable":true,"href":"https:\/\/ozince.com\/magaza\/wp-json\/wp\/v2\/media\/15628"}],"wp:attachment":[{"href":"https:\/\/ozince.com\/magaza\/wp-json\/wp\/v2\/media?parent=9513"}],"wp:term":[{"taxonomy":"product_brand","embeddable":true,"href":"https:\/\/ozince.com\/magaza\/wp-json\/wp\/v2\/product_brand?post=9513"},{"taxonomy":"product_cat","embeddable":true,"href":"https:\/\/ozince.com\/magaza\/wp-json\/wp\/v2\/product_cat?post=9513"},{"taxonomy":"product_tag","embeddable":true,"href":"https:\/\/ozince.com\/magaza\/wp-json\/wp\/v2\/product_tag?post=9513"}],"curies":[{"name":"wp","href":"https:\/\/api.w.org\/{rel}","templated":true}]}}