{"id":9512,"date":"2026-04-07T08:16:31","date_gmt":"2026-04-07T05:16:31","guid":{"rendered":"https:\/\/ozince.com\/magaza\/kategorilenmemis\/del-lw50003-fren-silindiri-astra-f-91-98-1-6-dokum-1746mm-arka-sol-sag\/"},"modified":"2026-04-07T08:16:31","modified_gmt":"2026-04-07T05:16:31","slug":"del-lw50003-fren-silindiri-astra-f-91-98-1-6-dokum-1746mm-arka-sol-sag","status":"publish","type":"product","link":"https:\/\/ozince.com\/magaza\/fren-sistemi-urunleri\/del-lw50003-fren-silindiri-astra-f-91-98-1-6-dokum-1746mm-arka-sol-sag\/","title":{"rendered":"DEL-LW50003 FREN S\u0130L\u0130ND\u0130R\u0130 ASTRA F 91-98 1.6 D\u00d6K\u00dcM 17,46mm ARKA SOL-SA\u011e"},"content":{"rendered":"","protected":false},"excerpt":{"rendered":"","protected":false},"featured_media":13818,"template":"","meta":[],"product_brand":[236],"product_cat":[257],"product_tag":[378],"class_list":{"0":"post-9512","1":"product","2":"type-product","3":"status-publish","4":"has-post-thumbnail","6":"arac_markasi_modeli-astra-f","7":"arac_markasi_modeli-opel","8":"product_brand-delphi","9":"product_cat-fren-sistemi-urunleri","10":"product_tag-altay","12":"first","13":"outofstock","14":"taxable","15":"shipping-taxable","16":"purchasable","17":"product-type-simple"},"jetpack_sharing_enabled":true,"_links":{"self":[{"href":"https:\/\/ozince.com\/magaza\/wp-json\/wp\/v2\/product\/9512","targetHints":{"allow":["GET"]}}],"collection":[{"href":"https:\/\/ozince.com\/magaza\/wp-json\/wp\/v2\/product"}],"about":[{"href":"https:\/\/ozince.com\/magaza\/wp-json\/wp\/v2\/types\/product"}],"wp:featuredmedia":[{"embeddable":true,"href":"https:\/\/ozince.com\/magaza\/wp-json\/wp\/v2\/media\/13818"}],"wp:attachment":[{"href":"https:\/\/ozince.com\/magaza\/wp-json\/wp\/v2\/media?parent=9512"}],"wp:term":[{"taxonomy":"product_brand","embeddable":true,"href":"https:\/\/ozince.com\/magaza\/wp-json\/wp\/v2\/product_brand?post=9512"},{"taxonomy":"product_cat","embeddable":true,"href":"https:\/\/ozince.com\/magaza\/wp-json\/wp\/v2\/product_cat?post=9512"},{"taxonomy":"product_tag","embeddable":true,"href":"https:\/\/ozince.com\/magaza\/wp-json\/wp\/v2\/product_tag?post=9512"}],"curies":[{"name":"wp","href":"https:\/\/api.w.org\/{rel}","templated":true}]}}