{"id":9488,"date":"2026-04-28T08:11:03","date_gmt":"2026-04-28T05:11:03","guid":{"rendered":"https:\/\/ozince.com\/magaza\/kategorilenmemis\/gmb-gtb0020-triger-gergisi-chevrolet-kalos-daewoo-cielo-espero-kalos-lanos-nexia-nubira-opel-astra-f-f-classic-astra-g-corsa-a-b-combo-i-ii-kadett-e-vectra-a-b-meriv\/"},"modified":"2026-04-28T08:11:03","modified_gmt":"2026-04-28T05:11:03","slug":"gmb-gtb0020-triger-gergisi-chevrolet-kalos-daewoo-cielo-espero-kalos-lanos-nexia-nubira-opel-astra-f-f-classic-astra-g-corsa-a-b-combo-i-ii-kadett-e-vectra-a-b-meriv","status":"publish","type":"product","link":"https:\/\/ozince.com\/magaza\/motor-mekanik-urunleri\/gmb-gtb0020-triger-gergisi-chevrolet-kalos-daewoo-cielo-espero-kalos-lanos-nexia-nubira-opel-astra-f-f-classic-astra-g-corsa-a-b-combo-i-ii-kadett-e-vectra-a-b-meriv\/","title":{"rendered":"GMB-GTB0020 TR\u0130GER GERG\u0130S\u0130 CHEVROLET KALOS \/ DAEWOO CIELO \/ ESPERO \/ KALOS \/  LANOS \/ NEXIA \/ NUBIRA \/ OPEL ASTRA F \/ F CLASSIC \/ ASTRA G \/ CORSA A \/ B \/ COMBO I \/ II \/ KADETT E \/ VECTRA A \/ B \/ MERIVA"},"content":{"rendered":"","protected":false},"excerpt":{"rendered":"","protected":false},"featured_media":0,"template":"","meta":[],"product_brand":[426],"product_cat":[298],"product_tag":[378],"class_list":{"0":"post-9488","1":"product","2":"type-product","3":"status-publish","5":"arac_markasi_modeli-astra-f","6":"arac_markasi_modeli-astra-g","7":"arac_markasi_modeli-corsa-a","8":"arac_markasi_modeli-meriva","9":"arac_markasi_modeli-opel","10":"arac_markasi_modeli-vectra-a","11":"product_brand-gmb","12":"product_cat-motor-mekanik-urunleri","13":"product_tag-altay","15":"first","16":"outofstock","17":"taxable","18":"shipping-taxable","19":"purchasable","20":"product-type-simple"},"jetpack_sharing_enabled":true,"_links":{"self":[{"href":"https:\/\/ozince.com\/magaza\/wp-json\/wp\/v2\/product\/9488","targetHints":{"allow":["GET"]}}],"collection":[{"href":"https:\/\/ozince.com\/magaza\/wp-json\/wp\/v2\/product"}],"about":[{"href":"https:\/\/ozince.com\/magaza\/wp-json\/wp\/v2\/types\/product"}],"wp:attachment":[{"href":"https:\/\/ozince.com\/magaza\/wp-json\/wp\/v2\/media?parent=9488"}],"wp:term":[{"taxonomy":"product_brand","embeddable":true,"href":"https:\/\/ozince.com\/magaza\/wp-json\/wp\/v2\/product_brand?post=9488"},{"taxonomy":"product_cat","embeddable":true,"href":"https:\/\/ozince.com\/magaza\/wp-json\/wp\/v2\/product_cat?post=9488"},{"taxonomy":"product_tag","embeddable":true,"href":"https:\/\/ozince.com\/magaza\/wp-json\/wp\/v2\/product_tag?post=9488"}],"curies":[{"name":"wp","href":"https:\/\/api.w.org\/{rel}","templated":true}]}}