{"id":9487,"date":"2026-04-07T08:16:26","date_gmt":"2026-04-07T05:16:26","guid":{"rendered":"https:\/\/ozince.com\/magaza\/kategorilenmemis\/del-ce10510-12b1-atesleme-bobini-astra-f-91-98-1-4-1-6-vectra-a-88-95-1-6-c14nz-c14se-14se\/"},"modified":"2026-04-07T08:16:26","modified_gmt":"2026-04-07T05:16:26","slug":"del-ce10510-12b1-atesleme-bobini-astra-f-91-98-1-4-1-6-vectra-a-88-95-1-6-c14nz-c14se-14se","status":"publish","type":"product","link":"https:\/\/ozince.com\/magaza\/sensor-ve-elektrik-urunleri\/del-ce10510-12b1-atesleme-bobini-astra-f-91-98-1-4-1-6-vectra-a-88-95-1-6-c14nz-c14se-14se\/","title":{"rendered":"DEL-CE10510-12B1 ATE\u015eLEME BOB\u0130N\u0130 ASTRA F 91-98 1.4-1.6 \/ VECTRA A 88-95 1.6 \/ C14NZ-C14SE-14SE"},"content":{"rendered":"","protected":false},"excerpt":{"rendered":"","protected":false},"featured_media":13332,"template":"","meta":[],"product_brand":[236],"product_cat":[374],"product_tag":[378],"class_list":{"0":"post-9487","1":"product","2":"type-product","3":"status-publish","4":"has-post-thumbnail","6":"arac_markasi_modeli-astra-f","7":"arac_markasi_modeli-opel","8":"arac_markasi_modeli-vectra-a","9":"product_brand-delphi","10":"product_cat-sensor-ve-elektrik-urunleri","11":"product_tag-altay","13":"first","14":"instock","15":"taxable","16":"shipping-taxable","17":"purchasable","18":"product-type-simple"},"jetpack_sharing_enabled":true,"_links":{"self":[{"href":"https:\/\/ozince.com\/magaza\/wp-json\/wp\/v2\/product\/9487","targetHints":{"allow":["GET"]}}],"collection":[{"href":"https:\/\/ozince.com\/magaza\/wp-json\/wp\/v2\/product"}],"about":[{"href":"https:\/\/ozince.com\/magaza\/wp-json\/wp\/v2\/types\/product"}],"wp:featuredmedia":[{"embeddable":true,"href":"https:\/\/ozince.com\/magaza\/wp-json\/wp\/v2\/media\/13332"}],"wp:attachment":[{"href":"https:\/\/ozince.com\/magaza\/wp-json\/wp\/v2\/media?parent=9487"}],"wp:term":[{"taxonomy":"product_brand","embeddable":true,"href":"https:\/\/ozince.com\/magaza\/wp-json\/wp\/v2\/product_brand?post=9487"},{"taxonomy":"product_cat","embeddable":true,"href":"https:\/\/ozince.com\/magaza\/wp-json\/wp\/v2\/product_cat?post=9487"},{"taxonomy":"product_tag","embeddable":true,"href":"https:\/\/ozince.com\/magaza\/wp-json\/wp\/v2\/product_tag?post=9487"}],"curies":[{"name":"wp","href":"https:\/\/api.w.org\/{rel}","templated":true}]}}