{"id":9483,"date":"2026-04-11T08:14:15","date_gmt":"2026-04-11T05:14:15","guid":{"rendered":"https:\/\/ozince.com\/magaza\/kategorilenmemis\/gen-gm1952-krank-mili-lacetti-nubira-1-6-16v\/"},"modified":"2026-04-11T08:14:16","modified_gmt":"2026-04-11T05:14:16","slug":"gen-gm1952-krank-mili-lacetti-nubira-1-6-16v","status":"publish","type":"product","link":"https:\/\/ozince.com\/magaza\/motor-mekanik-urunleri\/gen-gm1952-krank-mili-lacetti-nubira-1-6-16v\/","title":{"rendered":"GEN-GM1952 KRANK M\u0130L\u0130 LACETT\u0130 \/ NUB\u0130RA 1.6 16V"},"content":{"rendered":"","protected":false},"excerpt":{"rendered":"","protected":false},"featured_media":0,"template":"","meta":[],"product_brand":[448],"product_cat":[298],"product_tag":[378],"class_list":{"0":"post-9483","1":"product","2":"type-product","3":"status-publish","5":"arac_markasi_modeli-chevrolet","6":"arac_markasi_modeli-lacetti","7":"product_brand-genmot","8":"product_cat-motor-mekanik-urunleri","9":"product_tag-altay","11":"first","12":"outofstock","13":"taxable","14":"shipping-taxable","15":"purchasable","16":"product-type-simple"},"jetpack_sharing_enabled":true,"_links":{"self":[{"href":"https:\/\/ozince.com\/magaza\/wp-json\/wp\/v2\/product\/9483","targetHints":{"allow":["GET"]}}],"collection":[{"href":"https:\/\/ozince.com\/magaza\/wp-json\/wp\/v2\/product"}],"about":[{"href":"https:\/\/ozince.com\/magaza\/wp-json\/wp\/v2\/types\/product"}],"wp:attachment":[{"href":"https:\/\/ozince.com\/magaza\/wp-json\/wp\/v2\/media?parent=9483"}],"wp:term":[{"taxonomy":"product_brand","embeddable":true,"href":"https:\/\/ozince.com\/magaza\/wp-json\/wp\/v2\/product_brand?post=9483"},{"taxonomy":"product_cat","embeddable":true,"href":"https:\/\/ozince.com\/magaza\/wp-json\/wp\/v2\/product_cat?post=9483"},{"taxonomy":"product_tag","embeddable":true,"href":"https:\/\/ozince.com\/magaza\/wp-json\/wp\/v2\/product_tag?post=9483"}],"curies":[{"name":"wp","href":"https:\/\/api.w.org\/{rel}","templated":true}]}}