{"id":9478,"date":"2026-04-10T08:10:37","date_gmt":"2026-04-10T05:10:37","guid":{"rendered":"https:\/\/ozince.com\/magaza\/kategorilenmemis\/chm-baea026e-atesleme-bobini-astra-f-91-98-1-4-1-6-corsa-b-93-00-1-2-1-4-1-4-16v-1-6-16v-vectra-a-88-95-1-6\/"},"modified":"2026-04-10T08:10:37","modified_gmt":"2026-04-10T05:10:37","slug":"chm-baea026e-atesleme-bobini-astra-f-91-98-1-4-1-6-corsa-b-93-00-1-2-1-4-1-4-16v-1-6-16v-vectra-a-88-95-1-6","status":"publish","type":"product","link":"https:\/\/ozince.com\/magaza\/sensor-ve-elektrik-urunleri\/chm-baea026e-atesleme-bobini-astra-f-91-98-1-4-1-6-corsa-b-93-00-1-2-1-4-1-4-16v-1-6-16v-vectra-a-88-95-1-6\/","title":{"rendered":"CHM-BAEA026E ATE\u015eLEME BOB\u0130N\u0130 ASTRA F 91-98 1.4-1.6 \/ CORSA B 93-00 1.2-1.4-1.4 16V-1.6 16V \/ VECTRA A 88-95 1.6 \/"},"content":{"rendered":"","protected":false},"excerpt":{"rendered":"","protected":false},"featured_media":13742,"template":"","meta":[],"product_brand":[465],"product_cat":[374],"product_tag":[378],"class_list":{"0":"post-9478","1":"product","2":"type-product","3":"status-publish","4":"has-post-thumbnail","6":"arac_markasi_modeli-astra-f","7":"arac_markasi_modeli-corsa-b","8":"arac_markasi_modeli-opel","9":"arac_markasi_modeli-vectra-a","10":"product_brand-champion","11":"product_cat-sensor-ve-elektrik-urunleri","12":"product_tag-altay","14":"first","15":"outofstock","16":"taxable","17":"shipping-taxable","18":"purchasable","19":"product-type-simple"},"jetpack_sharing_enabled":true,"_links":{"self":[{"href":"https:\/\/ozince.com\/magaza\/wp-json\/wp\/v2\/product\/9478","targetHints":{"allow":["GET"]}}],"collection":[{"href":"https:\/\/ozince.com\/magaza\/wp-json\/wp\/v2\/product"}],"about":[{"href":"https:\/\/ozince.com\/magaza\/wp-json\/wp\/v2\/types\/product"}],"wp:featuredmedia":[{"embeddable":true,"href":"https:\/\/ozince.com\/magaza\/wp-json\/wp\/v2\/media\/13742"}],"wp:attachment":[{"href":"https:\/\/ozince.com\/magaza\/wp-json\/wp\/v2\/media?parent=9478"}],"wp:term":[{"taxonomy":"product_brand","embeddable":true,"href":"https:\/\/ozince.com\/magaza\/wp-json\/wp\/v2\/product_brand?post=9478"},{"taxonomy":"product_cat","embeddable":true,"href":"https:\/\/ozince.com\/magaza\/wp-json\/wp\/v2\/product_cat?post=9478"},{"taxonomy":"product_tag","embeddable":true,"href":"https:\/\/ozince.com\/magaza\/wp-json\/wp\/v2\/product_tag?post=9478"}],"curies":[{"name":"wp","href":"https:\/\/api.w.org\/{rel}","templated":true}]}}