{"id":9477,"date":"2026-04-07T08:16:24","date_gmt":"2026-04-07T05:16:24","guid":{"rendered":"https:\/\/ozince.com\/magaza\/kategorilenmemis\/vr-61-29270-00-silindir-kapak-conta-corsa-b-93-00-1-2-8v-c12nz\/"},"modified":"2026-04-07T08:16:24","modified_gmt":"2026-04-07T05:16:24","slug":"vr-61-29270-00-silindir-kapak-conta-corsa-b-93-00-1-2-8v-c12nz","status":"publish","type":"product","link":"https:\/\/ozince.com\/magaza\/motor-mekanik-urunleri\/vr-61-29270-00-silindir-kapak-conta-corsa-b-93-00-1-2-8v-c12nz\/","title":{"rendered":"VR-61-29270-00 S\u0130L\u0130ND\u0130R KAPAK CONTA CORSA B  93-00 \/ 1.2 8V (C12NZ)"},"content":{"rendered":"","protected":false},"excerpt":{"rendered":"","protected":false},"featured_media":0,"template":"","meta":[],"product_brand":[422],"product_cat":[298],"product_tag":[378],"class_list":{"0":"post-9477","1":"product","2":"type-product","3":"status-publish","5":"arac_markasi_modeli-corsa-b","6":"arac_markasi_modeli-opel","7":"product_brand-v-reinz","8":"product_cat-motor-mekanik-urunleri","9":"product_tag-altay","11":"first","12":"outofstock","13":"taxable","14":"shipping-taxable","15":"purchasable","16":"product-type-simple"},"jetpack_sharing_enabled":true,"_links":{"self":[{"href":"https:\/\/ozince.com\/magaza\/wp-json\/wp\/v2\/product\/9477","targetHints":{"allow":["GET"]}}],"collection":[{"href":"https:\/\/ozince.com\/magaza\/wp-json\/wp\/v2\/product"}],"about":[{"href":"https:\/\/ozince.com\/magaza\/wp-json\/wp\/v2\/types\/product"}],"wp:attachment":[{"href":"https:\/\/ozince.com\/magaza\/wp-json\/wp\/v2\/media?parent=9477"}],"wp:term":[{"taxonomy":"product_brand","embeddable":true,"href":"https:\/\/ozince.com\/magaza\/wp-json\/wp\/v2\/product_brand?post=9477"},{"taxonomy":"product_cat","embeddable":true,"href":"https:\/\/ozince.com\/magaza\/wp-json\/wp\/v2\/product_cat?post=9477"},{"taxonomy":"product_tag","embeddable":true,"href":"https:\/\/ozince.com\/magaza\/wp-json\/wp\/v2\/product_tag?post=9477"}],"curies":[{"name":"wp","href":"https:\/\/api.w.org\/{rel}","templated":true}]}}