{"id":9475,"date":"2026-01-28T09:25:48","date_gmt":"2026-01-28T06:25:48","guid":{"rendered":"https:\/\/ozince.com\/magaza\/kategorilenmemis\/mhr-20881-tampon-demiri-astra-j-10-orta-plastik\/"},"modified":"2026-01-28T13:18:11","modified_gmt":"2026-01-28T10:18:11","slug":"mhr-20881-tampon-demiri-astra-j-10-orta-plastik","status":"publish","type":"product","link":"https:\/\/ozince.com\/magaza\/karoseri-ve-kaporta-urunleri\/mhr-20881-tampon-demiri-astra-j-10-orta-plastik\/","title":{"rendered":"MHR-20881 TAMPON DEM\u0130R\u0130 ASTRA J 10= ORTA PLAST\u0130K"},"content":{"rendered":"","protected":false},"excerpt":{"rendered":"","protected":false},"featured_media":15405,"template":"","meta":[],"product_brand":[288],"product_cat":[351],"product_tag":[378],"class_list":{"0":"post-9475","1":"product","2":"type-product","3":"status-publish","4":"has-post-thumbnail","6":"arac_markasi_modeli-astra-j","7":"arac_markasi_modeli-opel","8":"product_brand-maher","9":"product_cat-karoseri-ve-kaporta-urunleri","10":"product_tag-altay","12":"first","13":"instock","14":"taxable","15":"shipping-taxable","16":"purchasable","17":"product-type-simple"},"jetpack_sharing_enabled":true,"_links":{"self":[{"href":"https:\/\/ozince.com\/magaza\/wp-json\/wp\/v2\/product\/9475","targetHints":{"allow":["GET"]}}],"collection":[{"href":"https:\/\/ozince.com\/magaza\/wp-json\/wp\/v2\/product"}],"about":[{"href":"https:\/\/ozince.com\/magaza\/wp-json\/wp\/v2\/types\/product"}],"wp:featuredmedia":[{"embeddable":true,"href":"https:\/\/ozince.com\/magaza\/wp-json\/wp\/v2\/media\/15405"}],"wp:attachment":[{"href":"https:\/\/ozince.com\/magaza\/wp-json\/wp\/v2\/media?parent=9475"}],"wp:term":[{"taxonomy":"product_brand","embeddable":true,"href":"https:\/\/ozince.com\/magaza\/wp-json\/wp\/v2\/product_brand?post=9475"},{"taxonomy":"product_cat","embeddable":true,"href":"https:\/\/ozince.com\/magaza\/wp-json\/wp\/v2\/product_cat?post=9475"},{"taxonomy":"product_tag","embeddable":true,"href":"https:\/\/ozince.com\/magaza\/wp-json\/wp\/v2\/product_tag?post=9475"}],"curies":[{"name":"wp","href":"https:\/\/api.w.org\/{rel}","templated":true}]}}