{"id":9459,"date":"2026-05-01T08:17:54","date_gmt":"2026-05-01T05:17:54","guid":{"rendered":"https:\/\/ozince.com\/magaza\/kategorilenmemis\/swg-40946023-takoz-motor-astra-j-09-16-cruze-09-14-on-sag-hidrolik-1-3-cdti-1-6-1-8\/"},"modified":"2026-05-01T08:17:54","modified_gmt":"2026-05-01T05:17:54","slug":"swg-40946023-takoz-motor-astra-j-09-16-cruze-09-14-on-sag-hidrolik-1-3-cdti-1-6-1-8","status":"publish","type":"product","link":"https:\/\/ozince.com\/magaza\/alt-takim-urunleri\/swg-40946023-takoz-motor-astra-j-09-16-cruze-09-14-on-sag-hidrolik-1-3-cdti-1-6-1-8\/","title":{"rendered":"SWG-40946023 TAKOZ MOTOR ASTRA J 09-16 \/ CRUZE 09-14 \u00d6N SA\u011e H\u0130DROL\u0130K 1.3 CDTI-1.6-1.8"},"content":{"rendered":"","protected":false},"excerpt":{"rendered":"","protected":false},"featured_media":13294,"template":"","meta":[],"product_brand":[309],"product_cat":[382],"product_tag":[378],"class_list":{"0":"post-9459","1":"product","2":"type-product","3":"status-publish","4":"has-post-thumbnail","6":"arac_markasi_modeli-astra-j","7":"arac_markasi_modeli-opel","8":"product_brand-swag","9":"product_cat-alt-takim-urunleri","10":"product_tag-altay","12":"first","13":"outofstock","14":"taxable","15":"shipping-taxable","16":"purchasable","17":"product-type-simple"},"jetpack_sharing_enabled":true,"_links":{"self":[{"href":"https:\/\/ozince.com\/magaza\/wp-json\/wp\/v2\/product\/9459","targetHints":{"allow":["GET"]}}],"collection":[{"href":"https:\/\/ozince.com\/magaza\/wp-json\/wp\/v2\/product"}],"about":[{"href":"https:\/\/ozince.com\/magaza\/wp-json\/wp\/v2\/types\/product"}],"wp:featuredmedia":[{"embeddable":true,"href":"https:\/\/ozince.com\/magaza\/wp-json\/wp\/v2\/media\/13294"}],"wp:attachment":[{"href":"https:\/\/ozince.com\/magaza\/wp-json\/wp\/v2\/media?parent=9459"}],"wp:term":[{"taxonomy":"product_brand","embeddable":true,"href":"https:\/\/ozince.com\/magaza\/wp-json\/wp\/v2\/product_brand?post=9459"},{"taxonomy":"product_cat","embeddable":true,"href":"https:\/\/ozince.com\/magaza\/wp-json\/wp\/v2\/product_cat?post=9459"},{"taxonomy":"product_tag","embeddable":true,"href":"https:\/\/ozince.com\/magaza\/wp-json\/wp\/v2\/product_tag?post=9459"}],"curies":[{"name":"wp","href":"https:\/\/api.w.org\/{rel}","templated":true}]}}