{"id":9454,"date":"2025-10-14T14:07:47","date_gmt":"2025-10-14T11:07:47","guid":{"rendered":"https:\/\/ozince.com\/magaza\/kategorilenmemis\/val-810226-debriyaj-rulmani-hidrolik-astra-j-astra-h-corsa-d-a14net-b14net-b16dth-a16hxt-z13dth-z17dth-z19dth\/"},"modified":"2025-10-14T14:07:49","modified_gmt":"2025-10-14T11:07:49","slug":"val-810226-debriyaj-rulmani-hidrolik-astra-j-astra-h-corsa-d-a14net-b14net-b16dth-a16hxt-z13dth-z17dth-z19dth","status":"publish","type":"product","link":"https:\/\/ozince.com\/magaza\/debriyaj-ve-sanziman-urunleri\/val-810226-debriyaj-rulmani-hidrolik-astra-j-astra-h-corsa-d-a14net-b14net-b16dth-a16hxt-z13dth-z17dth-z19dth\/","title":{"rendered":"VAL-810226 DEBR\u0130YAJ RULMANI H\u0130DROL\u0130K ASTRA J \/ ASTRA H \/ CORSA D A14NET-B14NET-B16DTH-A16HXT-Z13DTH-Z17DTH-Z19DTH"},"content":{"rendered":"","protected":false},"excerpt":{"rendered":"","protected":false},"featured_media":0,"template":"","meta":[],"product_brand":[350],"product_cat":[347],"product_tag":[378],"class_list":{"0":"post-9454","1":"product","2":"type-product","3":"status-publish","5":"arac_markasi_modeli-astra-h","6":"arac_markasi_modeli-astra-j","7":"arac_markasi_modeli-corsa-d","8":"arac_markasi_modeli-opel","9":"product_brand-valeo","10":"product_cat-debriyaj-ve-sanziman-urunleri","11":"product_tag-altay","13":"first","14":"outofstock","15":"taxable","16":"shipping-taxable","17":"purchasable","18":"product-type-simple"},"jetpack_sharing_enabled":true,"_links":{"self":[{"href":"https:\/\/ozince.com\/magaza\/wp-json\/wp\/v2\/product\/9454","targetHints":{"allow":["GET"]}}],"collection":[{"href":"https:\/\/ozince.com\/magaza\/wp-json\/wp\/v2\/product"}],"about":[{"href":"https:\/\/ozince.com\/magaza\/wp-json\/wp\/v2\/types\/product"}],"wp:attachment":[{"href":"https:\/\/ozince.com\/magaza\/wp-json\/wp\/v2\/media?parent=9454"}],"wp:term":[{"taxonomy":"product_brand","embeddable":true,"href":"https:\/\/ozince.com\/magaza\/wp-json\/wp\/v2\/product_brand?post=9454"},{"taxonomy":"product_cat","embeddable":true,"href":"https:\/\/ozince.com\/magaza\/wp-json\/wp\/v2\/product_cat?post=9454"},{"taxonomy":"product_tag","embeddable":true,"href":"https:\/\/ozince.com\/magaza\/wp-json\/wp\/v2\/product_tag?post=9454"}],"curies":[{"name":"wp","href":"https:\/\/api.w.org\/{rel}","templated":true}]}}