{"id":9446,"date":"2026-04-16T08:15:22","date_gmt":"2026-04-16T05:15:22","guid":{"rendered":"https:\/\/ozince.com\/magaza\/kategorilenmemis\/vr-61-42760-00-silindir-kapak-conta-astra-j-09-15-insignia-08-17-1-6-cdti-b16dtl-b16dth-b16dte-125mm\/"},"modified":"2026-04-16T08:15:23","modified_gmt":"2026-04-16T05:15:23","slug":"vr-61-42760-00-silindir-kapak-conta-astra-j-09-15-insignia-08-17-1-6-cdti-b16dtl-b16dth-b16dte-125mm","status":"publish","type":"product","link":"https:\/\/ozince.com\/magaza\/motor-mekanik-urunleri\/vr-61-42760-00-silindir-kapak-conta-astra-j-09-15-insignia-08-17-1-6-cdti-b16dtl-b16dth-b16dte-125mm\/","title":{"rendered":"VR-61-42760-00 S\u0130L\u0130ND\u0130R KAPAK CONTA ASTRA J 09-15 \/ INSIGNIA 08-17 \/ 1.6 CDTI (B16DTL-B16DTH-B16DTE) 1,25mm"},"content":{"rendered":"","protected":false},"excerpt":{"rendered":"","protected":false},"featured_media":14583,"template":"","meta":[],"product_brand":[422],"product_cat":[298],"product_tag":[378],"class_list":{"0":"post-9446","1":"product","2":"type-product","3":"status-publish","4":"has-post-thumbnail","6":"arac_markasi_modeli-astra-j","7":"arac_markasi_modeli-opel","8":"product_brand-v-reinz","9":"product_cat-motor-mekanik-urunleri","10":"product_tag-altay","12":"first","13":"instock","14":"taxable","15":"shipping-taxable","16":"purchasable","17":"product-type-simple"},"jetpack_sharing_enabled":true,"_links":{"self":[{"href":"https:\/\/ozince.com\/magaza\/wp-json\/wp\/v2\/product\/9446","targetHints":{"allow":["GET"]}}],"collection":[{"href":"https:\/\/ozince.com\/magaza\/wp-json\/wp\/v2\/product"}],"about":[{"href":"https:\/\/ozince.com\/magaza\/wp-json\/wp\/v2\/types\/product"}],"wp:featuredmedia":[{"embeddable":true,"href":"https:\/\/ozince.com\/magaza\/wp-json\/wp\/v2\/media\/14583"}],"wp:attachment":[{"href":"https:\/\/ozince.com\/magaza\/wp-json\/wp\/v2\/media?parent=9446"}],"wp:term":[{"taxonomy":"product_brand","embeddable":true,"href":"https:\/\/ozince.com\/magaza\/wp-json\/wp\/v2\/product_brand?post=9446"},{"taxonomy":"product_cat","embeddable":true,"href":"https:\/\/ozince.com\/magaza\/wp-json\/wp\/v2\/product_cat?post=9446"},{"taxonomy":"product_tag","embeddable":true,"href":"https:\/\/ozince.com\/magaza\/wp-json\/wp\/v2\/product_tag?post=9446"}],"curies":[{"name":"wp","href":"https:\/\/api.w.org\/{rel}","templated":true}]}}