{"id":9420,"date":"2026-04-24T08:14:26","date_gmt":"2026-04-24T05:14:26","guid":{"rendered":"https:\/\/ozince.com\/magaza\/kategorilenmemis\/swg-40927940-kol-far-sinyal-kumanda-astra-g-zafira-a-03-hiz-sabitlemeli\/"},"modified":"2026-04-24T08:14:28","modified_gmt":"2026-04-24T05:14:28","slug":"swg-40927940-kol-far-sinyal-kumanda-astra-g-zafira-a-03-hiz-sabitlemeli","status":"publish","type":"product","link":"https:\/\/ozince.com\/magaza\/sensor-ve-elektrik-urunleri\/swg-40927940-kol-far-sinyal-kumanda-astra-g-zafira-a-03-hiz-sabitlemeli\/","title":{"rendered":"SWG-40927940 KOL FAR-S\u0130NYAL KUMANDA ASTRA G \/ ZAF\u0130RA A 03= (HIZ SAB\u0130TLEMEL\u0130)"},"content":{"rendered":"","protected":false},"excerpt":{"rendered":"","protected":false},"featured_media":13295,"template":"","meta":[],"product_brand":[309],"product_cat":[374],"product_tag":[378],"class_list":{"0":"post-9420","1":"product","2":"type-product","3":"status-publish","4":"has-post-thumbnail","6":"arac_markasi_modeli-astra-g","7":"arac_markasi_modeli-opel","8":"arac_markasi_modeli-zafira-a","9":"product_brand-swag","10":"product_cat-sensor-ve-elektrik-urunleri","11":"product_tag-altay","13":"first","14":"instock","15":"taxable","16":"shipping-taxable","17":"purchasable","18":"product-type-simple"},"jetpack_sharing_enabled":true,"_links":{"self":[{"href":"https:\/\/ozince.com\/magaza\/wp-json\/wp\/v2\/product\/9420","targetHints":{"allow":["GET"]}}],"collection":[{"href":"https:\/\/ozince.com\/magaza\/wp-json\/wp\/v2\/product"}],"about":[{"href":"https:\/\/ozince.com\/magaza\/wp-json\/wp\/v2\/types\/product"}],"wp:featuredmedia":[{"embeddable":true,"href":"https:\/\/ozince.com\/magaza\/wp-json\/wp\/v2\/media\/13295"}],"wp:attachment":[{"href":"https:\/\/ozince.com\/magaza\/wp-json\/wp\/v2\/media?parent=9420"}],"wp:term":[{"taxonomy":"product_brand","embeddable":true,"href":"https:\/\/ozince.com\/magaza\/wp-json\/wp\/v2\/product_brand?post=9420"},{"taxonomy":"product_cat","embeddable":true,"href":"https:\/\/ozince.com\/magaza\/wp-json\/wp\/v2\/product_cat?post=9420"},{"taxonomy":"product_tag","embeddable":true,"href":"https:\/\/ozince.com\/magaza\/wp-json\/wp\/v2\/product_tag?post=9420"}],"curies":[{"name":"wp","href":"https:\/\/api.w.org\/{rel}","templated":true}]}}