{"id":9415,"date":"2026-04-28T08:09:51","date_gmt":"2026-04-28T05:09:51","guid":{"rendered":"https:\/\/ozince.com\/magaza\/kategorilenmemis\/vr-70-34223-00-supap-lastigi-corsa-c-00-06-1-2-16v-z12xe-5mm-adet\/"},"modified":"2026-04-28T08:09:51","modified_gmt":"2026-04-28T05:09:51","slug":"vr-70-34223-00-supap-lastigi-corsa-c-00-06-1-2-16v-z12xe-5mm-adet","status":"publish","type":"product","link":"https:\/\/ozince.com\/magaza\/motor-mekanik-urunleri\/vr-70-34223-00-supap-lastigi-corsa-c-00-06-1-2-16v-z12xe-5mm-adet\/","title":{"rendered":"VR-70-34223-00 SUPAP LAST\u0130\u011e\u0130 CORSA C 00-06 \/ 1.2 16V (Z12XE) 5mm ADET"},"content":{"rendered":"","protected":false},"excerpt":{"rendered":"","protected":false},"featured_media":0,"template":"","meta":[],"product_brand":[422],"product_cat":[298],"product_tag":[378],"class_list":{"0":"post-9415","1":"product","2":"type-product","3":"status-publish","5":"arac_markasi_modeli-corsa-c","6":"arac_markasi_modeli-opel","7":"product_brand-v-reinz","8":"product_cat-motor-mekanik-urunleri","9":"product_tag-altay","11":"first","12":"outofstock","13":"taxable","14":"shipping-taxable","15":"purchasable","16":"product-type-simple"},"jetpack_sharing_enabled":true,"_links":{"self":[{"href":"https:\/\/ozince.com\/magaza\/wp-json\/wp\/v2\/product\/9415","targetHints":{"allow":["GET"]}}],"collection":[{"href":"https:\/\/ozince.com\/magaza\/wp-json\/wp\/v2\/product"}],"about":[{"href":"https:\/\/ozince.com\/magaza\/wp-json\/wp\/v2\/types\/product"}],"wp:attachment":[{"href":"https:\/\/ozince.com\/magaza\/wp-json\/wp\/v2\/media?parent=9415"}],"wp:term":[{"taxonomy":"product_brand","embeddable":true,"href":"https:\/\/ozince.com\/magaza\/wp-json\/wp\/v2\/product_brand?post=9415"},{"taxonomy":"product_cat","embeddable":true,"href":"https:\/\/ozince.com\/magaza\/wp-json\/wp\/v2\/product_cat?post=9415"},{"taxonomy":"product_tag","embeddable":true,"href":"https:\/\/ozince.com\/magaza\/wp-json\/wp\/v2\/product_tag?post=9415"}],"curies":[{"name":"wp","href":"https:\/\/api.w.org\/{rel}","templated":true}]}}