{"id":9413,"date":"2026-04-15T08:14:21","date_gmt":"2026-04-15T05:14:21","guid":{"rendered":"https:\/\/ozince.com\/magaza\/kategorilenmemis\/mys-ps9712503mm-amortisor-corsa-d-06-14-gazli-on-sol\/"},"modified":"2026-04-15T08:14:22","modified_gmt":"2026-04-15T05:14:22","slug":"mys-ps9712503mm-amortisor-corsa-d-06-14-gazli-on-sol","status":"publish","type":"product","link":"https:\/\/ozince.com\/magaza\/alt-takim-urunleri\/mys-ps9712503mm-amortisor-corsa-d-06-14-gazli-on-sol\/","title":{"rendered":"MYS-PS9712503MM AMORT\u0130S\u00d6R CORSA D 06-14 GAZLI \u00d6N SOL"},"content":{"rendered":"","protected":false},"excerpt":{"rendered":"","protected":false},"featured_media":0,"template":"","meta":[],"product_brand":[437],"product_cat":[382],"product_tag":[378],"class_list":{"0":"post-9413","1":"product","2":"type-product","3":"status-publish","5":"arac_markasi_modeli-corsa-d","6":"arac_markasi_modeli-opel","7":"product_brand-maysan","8":"product_cat-alt-takim-urunleri","9":"product_tag-altay","11":"first","12":"outofstock","13":"taxable","14":"shipping-taxable","15":"purchasable","16":"product-type-simple"},"jetpack_sharing_enabled":true,"_links":{"self":[{"href":"https:\/\/ozince.com\/magaza\/wp-json\/wp\/v2\/product\/9413","targetHints":{"allow":["GET"]}}],"collection":[{"href":"https:\/\/ozince.com\/magaza\/wp-json\/wp\/v2\/product"}],"about":[{"href":"https:\/\/ozince.com\/magaza\/wp-json\/wp\/v2\/types\/product"}],"wp:attachment":[{"href":"https:\/\/ozince.com\/magaza\/wp-json\/wp\/v2\/media?parent=9413"}],"wp:term":[{"taxonomy":"product_brand","embeddable":true,"href":"https:\/\/ozince.com\/magaza\/wp-json\/wp\/v2\/product_brand?post=9413"},{"taxonomy":"product_cat","embeddable":true,"href":"https:\/\/ozince.com\/magaza\/wp-json\/wp\/v2\/product_cat?post=9413"},{"taxonomy":"product_tag","embeddable":true,"href":"https:\/\/ozince.com\/magaza\/wp-json\/wp\/v2\/product_tag?post=9413"}],"curies":[{"name":"wp","href":"https:\/\/api.w.org\/{rel}","templated":true}]}}