{"id":9411,"date":"2026-03-05T08:14:06","date_gmt":"2026-03-05T05:14:06","guid":{"rendered":"https:\/\/ozince.com\/magaza\/kategorilenmemis\/elr-076-408-silindir-kapak-conta-albea-linea-doblo-fiorino-punto-astra-h-corsa-1-3jtd-z13dth-0-92mm\/"},"modified":"2026-03-05T08:14:07","modified_gmt":"2026-03-05T05:14:07","slug":"elr-076-408-silindir-kapak-conta-albea-linea-doblo-fiorino-punto-astra-h-corsa-1-3jtd-z13dth-0-92mm","status":"publish","type":"product","link":"https:\/\/ozince.com\/magaza\/motor-mekanik-urunleri\/elr-076-408-silindir-kapak-conta-albea-linea-doblo-fiorino-punto-astra-h-corsa-1-3jtd-z13dth-0-92mm\/","title":{"rendered":"ELR-076.408 S\u0130L\u0130ND\u0130R KAPAK CONTA ALBEA \/ LINEA \/ DOBLO \/ FIORINO \/ PUNTO \/ ASTRA H \/ CORSA 1.3JTD-Z13DTH 0.92mm"},"content":{"rendered":"","protected":false},"excerpt":{"rendered":"","protected":false},"featured_media":14540,"template":"","meta":[],"product_brand":[421],"product_cat":[298],"product_tag":[378],"class_list":{"0":"post-9411","1":"product","2":"type-product","3":"status-publish","4":"has-post-thumbnail","6":"arac_markasi_modeli-astra-h","7":"arac_markasi_modeli-opel","8":"product_brand-elring","9":"product_cat-motor-mekanik-urunleri","10":"product_tag-altay","12":"first","13":"instock","14":"taxable","15":"shipping-taxable","16":"purchasable","17":"product-type-simple"},"jetpack_sharing_enabled":true,"_links":{"self":[{"href":"https:\/\/ozince.com\/magaza\/wp-json\/wp\/v2\/product\/9411","targetHints":{"allow":["GET"]}}],"collection":[{"href":"https:\/\/ozince.com\/magaza\/wp-json\/wp\/v2\/product"}],"about":[{"href":"https:\/\/ozince.com\/magaza\/wp-json\/wp\/v2\/types\/product"}],"wp:featuredmedia":[{"embeddable":true,"href":"https:\/\/ozince.com\/magaza\/wp-json\/wp\/v2\/media\/14540"}],"wp:attachment":[{"href":"https:\/\/ozince.com\/magaza\/wp-json\/wp\/v2\/media?parent=9411"}],"wp:term":[{"taxonomy":"product_brand","embeddable":true,"href":"https:\/\/ozince.com\/magaza\/wp-json\/wp\/v2\/product_brand?post=9411"},{"taxonomy":"product_cat","embeddable":true,"href":"https:\/\/ozince.com\/magaza\/wp-json\/wp\/v2\/product_cat?post=9411"},{"taxonomy":"product_tag","embeddable":true,"href":"https:\/\/ozince.com\/magaza\/wp-json\/wp\/v2\/product_tag?post=9411"}],"curies":[{"name":"wp","href":"https:\/\/api.w.org\/{rel}","templated":true}]}}