{"id":9404,"date":"2026-05-03T08:15:34","date_gmt":"2026-05-03T05:15:34","guid":{"rendered":"https:\/\/ozince.com\/magaza\/kategorilenmemis\/elr-403-730-supap-lastigi-astra-f-astra-g-corsa-b-corsa-c-x14xe-x16xel\/"},"modified":"2026-05-03T08:15:34","modified_gmt":"2026-05-03T05:15:34","slug":"elr-403-730-supap-lastigi-astra-f-astra-g-corsa-b-corsa-c-x14xe-x16xel","status":"publish","type":"product","link":"https:\/\/ozince.com\/magaza\/motor-mekanik-urunleri\/elr-403-730-supap-lastigi-astra-f-astra-g-corsa-b-corsa-c-x14xe-x16xel\/","title":{"rendered":"ELR-403.730 SUPAP LAST\u0130\u011e\u0130 ASTRA F \/ ASTRA G \/ CORSA B \/ CORSA C X14XE-X16XEL"},"content":{"rendered":"","protected":false},"excerpt":{"rendered":"","protected":false},"featured_media":0,"template":"","meta":[],"product_brand":[421],"product_cat":[298],"product_tag":[378],"class_list":{"0":"post-9404","1":"product","2":"type-product","3":"status-publish","5":"arac_markasi_modeli-astra-f","6":"arac_markasi_modeli-astra-g","7":"arac_markasi_modeli-corsa-b","8":"arac_markasi_modeli-corsa-c","9":"arac_markasi_modeli-opel","10":"product_brand-elring","11":"product_cat-motor-mekanik-urunleri","12":"product_tag-altay","14":"first","15":"outofstock","16":"taxable","17":"shipping-taxable","18":"purchasable","19":"product-type-simple"},"jetpack_sharing_enabled":true,"_links":{"self":[{"href":"https:\/\/ozince.com\/magaza\/wp-json\/wp\/v2\/product\/9404","targetHints":{"allow":["GET"]}}],"collection":[{"href":"https:\/\/ozince.com\/magaza\/wp-json\/wp\/v2\/product"}],"about":[{"href":"https:\/\/ozince.com\/magaza\/wp-json\/wp\/v2\/types\/product"}],"wp:attachment":[{"href":"https:\/\/ozince.com\/magaza\/wp-json\/wp\/v2\/media?parent=9404"}],"wp:term":[{"taxonomy":"product_brand","embeddable":true,"href":"https:\/\/ozince.com\/magaza\/wp-json\/wp\/v2\/product_brand?post=9404"},{"taxonomy":"product_cat","embeddable":true,"href":"https:\/\/ozince.com\/magaza\/wp-json\/wp\/v2\/product_cat?post=9404"},{"taxonomy":"product_tag","embeddable":true,"href":"https:\/\/ozince.com\/magaza\/wp-json\/wp\/v2\/product_tag?post=9404"}],"curies":[{"name":"wp","href":"https:\/\/api.w.org\/{rel}","templated":true}]}}