{"id":9398,"date":"2026-04-28T08:09:48","date_gmt":"2026-04-28T05:09:48","guid":{"rendered":"https:\/\/ozince.com\/magaza\/kategorilenmemis\/ytt-2020-ceki-demir-kapagi-corsa-d-06\/"},"modified":"2026-04-28T08:09:48","modified_gmt":"2026-04-28T05:09:48","slug":"ytt-2020-ceki-demir-kapagi-corsa-d-06","status":"publish","type":"product","link":"https:\/\/ozince.com\/magaza\/karoseri-ve-kaporta-urunleri\/ytt-2020-ceki-demir-kapagi-corsa-d-06\/","title":{"rendered":"YTT-2020 \u00c7EK\u0130 DEM\u0130R KAPA\u011eI CORSA D 06-"},"content":{"rendered":"","protected":false},"excerpt":{"rendered":"","protected":false},"featured_media":13462,"template":"","meta":[],"product_brand":[413],"product_cat":[351],"product_tag":[378],"class_list":{"0":"post-9398","1":"product","2":"type-product","3":"status-publish","4":"has-post-thumbnail","6":"arac_markasi_modeli-corsa-d","7":"arac_markasi_modeli-opel","8":"product_brand-ytt","9":"product_cat-karoseri-ve-kaporta-urunleri","10":"product_tag-altay","12":"first","13":"instock","14":"taxable","15":"shipping-taxable","16":"purchasable","17":"product-type-simple"},"jetpack_sharing_enabled":true,"_links":{"self":[{"href":"https:\/\/ozince.com\/magaza\/wp-json\/wp\/v2\/product\/9398","targetHints":{"allow":["GET"]}}],"collection":[{"href":"https:\/\/ozince.com\/magaza\/wp-json\/wp\/v2\/product"}],"about":[{"href":"https:\/\/ozince.com\/magaza\/wp-json\/wp\/v2\/types\/product"}],"wp:featuredmedia":[{"embeddable":true,"href":"https:\/\/ozince.com\/magaza\/wp-json\/wp\/v2\/media\/13462"}],"wp:attachment":[{"href":"https:\/\/ozince.com\/magaza\/wp-json\/wp\/v2\/media?parent=9398"}],"wp:term":[{"taxonomy":"product_brand","embeddable":true,"href":"https:\/\/ozince.com\/magaza\/wp-json\/wp\/v2\/product_brand?post=9398"},{"taxonomy":"product_cat","embeddable":true,"href":"https:\/\/ozince.com\/magaza\/wp-json\/wp\/v2\/product_cat?post=9398"},{"taxonomy":"product_tag","embeddable":true,"href":"https:\/\/ozince.com\/magaza\/wp-json\/wp\/v2\/product_tag?post=9398"}],"curies":[{"name":"wp","href":"https:\/\/api.w.org\/{rel}","templated":true}]}}