{"id":9392,"date":"2026-04-06T08:18:09","date_gmt":"2026-04-06T05:18:09","guid":{"rendered":"https:\/\/ozince.com\/magaza\/kategorilenmemis\/flt-pp831-yakit-filtresi-benzin-astra-f-corsa-a-corsa-b-vectra-a-frontera-b-omega-a-kadett-ascona-panda-fiat\/"},"modified":"2026-04-06T08:18:11","modified_gmt":"2026-04-06T05:18:11","slug":"flt-pp831-yakit-filtresi-benzin-astra-f-corsa-a-corsa-b-vectra-a-frontera-b-omega-a-kadett-ascona-panda-fiat","status":"publish","type":"product","link":"https:\/\/ozince.com\/magaza\/periyodik-bakim-ve-filtre-urunleri\/flt-pp831-yakit-filtresi-benzin-astra-f-corsa-a-corsa-b-vectra-a-frontera-b-omega-a-kadett-ascona-panda-fiat\/","title":{"rendered":"FLT-PP831 YAKIT F\u0130LTRES\u0130 (BENZ\u0130N) ASTRA F \/ CORSA A \/ CORSA B \/ VECTRA A \/ FRONTERA B \/ OMEGA A \/ KADETT \/ ASCONA \/ PANDA FIAT"},"content":{"rendered":"","protected":false},"excerpt":{"rendered":"","protected":false},"featured_media":13204,"template":"","meta":[],"product_brand":[196],"product_cat":[352],"product_tag":[378],"class_list":{"0":"post-9392","1":"product","2":"type-product","3":"status-publish","4":"has-post-thumbnail","6":"arac_markasi_modeli-astra-f","7":"arac_markasi_modeli-corsa-a","8":"arac_markasi_modeli-corsa-b","9":"arac_markasi_modeli-frontera","10":"arac_markasi_modeli-frontera-b","11":"arac_markasi_modeli-omega-a","12":"arac_markasi_modeli-opel","13":"arac_markasi_modeli-vectra-a","14":"product_brand-filtron","15":"product_cat-periyodik-bakim-ve-filtre-urunleri","16":"product_tag-altay","18":"first","19":"outofstock","20":"taxable","21":"shipping-taxable","22":"purchasable","23":"product-type-simple"},"jetpack_sharing_enabled":true,"_links":{"self":[{"href":"https:\/\/ozince.com\/magaza\/wp-json\/wp\/v2\/product\/9392","targetHints":{"allow":["GET"]}}],"collection":[{"href":"https:\/\/ozince.com\/magaza\/wp-json\/wp\/v2\/product"}],"about":[{"href":"https:\/\/ozince.com\/magaza\/wp-json\/wp\/v2\/types\/product"}],"wp:featuredmedia":[{"embeddable":true,"href":"https:\/\/ozince.com\/magaza\/wp-json\/wp\/v2\/media\/13204"}],"wp:attachment":[{"href":"https:\/\/ozince.com\/magaza\/wp-json\/wp\/v2\/media?parent=9392"}],"wp:term":[{"taxonomy":"product_brand","embeddable":true,"href":"https:\/\/ozince.com\/magaza\/wp-json\/wp\/v2\/product_brand?post=9392"},{"taxonomy":"product_cat","embeddable":true,"href":"https:\/\/ozince.com\/magaza\/wp-json\/wp\/v2\/product_cat?post=9392"},{"taxonomy":"product_tag","embeddable":true,"href":"https:\/\/ozince.com\/magaza\/wp-json\/wp\/v2\/product_tag?post=9392"}],"curies":[{"name":"wp","href":"https:\/\/api.w.org\/{rel}","templated":true}]}}