{"id":9389,"date":"2026-04-11T08:13:00","date_gmt":"2026-04-11T05:13:00","guid":{"rendered":"https:\/\/ozince.com\/magaza\/kategorilenmemis\/est-36013-eksantrik-mili-astra-f-vectra-a-omega-a-1-8-2-0-c18sv-c18nz-c20ne\/"},"modified":"2026-04-11T08:13:00","modified_gmt":"2026-04-11T05:13:00","slug":"est-36013-eksantrik-mili-astra-f-vectra-a-omega-a-1-8-2-0-c18sv-c18nz-c20ne","status":"publish","type":"product","link":"https:\/\/ozince.com\/magaza\/motor-mekanik-urunleri\/est-36013-eksantrik-mili-astra-f-vectra-a-omega-a-1-8-2-0-c18sv-c18nz-c20ne\/","title":{"rendered":"EST-36013 EKSANTR\u0130K M\u0130L\u0130 ASTRA F \/ VECTRA A \/ OMEGA A 1.8 &#8211; 2.0 C18SV-C18NZ-C20NE"},"content":{"rendered":"","protected":false},"excerpt":{"rendered":"","protected":false},"featured_media":0,"template":"","meta":[],"product_brand":[447],"product_cat":[298],"product_tag":[378],"class_list":{"0":"post-9389","1":"product","2":"type-product","3":"status-publish","5":"arac_markasi_modeli-astra-f","6":"arac_markasi_modeli-omega-a","7":"arac_markasi_modeli-opel","8":"arac_markasi_modeli-vectra-a","9":"product_brand-estas","10":"product_cat-motor-mekanik-urunleri","11":"product_tag-altay","13":"first","14":"outofstock","15":"taxable","16":"shipping-taxable","17":"purchasable","18":"product-type-simple"},"jetpack_sharing_enabled":true,"_links":{"self":[{"href":"https:\/\/ozince.com\/magaza\/wp-json\/wp\/v2\/product\/9389","targetHints":{"allow":["GET"]}}],"collection":[{"href":"https:\/\/ozince.com\/magaza\/wp-json\/wp\/v2\/product"}],"about":[{"href":"https:\/\/ozince.com\/magaza\/wp-json\/wp\/v2\/types\/product"}],"wp:attachment":[{"href":"https:\/\/ozince.com\/magaza\/wp-json\/wp\/v2\/media?parent=9389"}],"wp:term":[{"taxonomy":"product_brand","embeddable":true,"href":"https:\/\/ozince.com\/magaza\/wp-json\/wp\/v2\/product_brand?post=9389"},{"taxonomy":"product_cat","embeddable":true,"href":"https:\/\/ozince.com\/magaza\/wp-json\/wp\/v2\/product_cat?post=9389"},{"taxonomy":"product_tag","embeddable":true,"href":"https:\/\/ozince.com\/magaza\/wp-json\/wp\/v2\/product_tag?post=9389"}],"curies":[{"name":"wp","href":"https:\/\/api.w.org\/{rel}","templated":true}]}}