{"id":9388,"date":"2026-04-28T08:17:11","date_gmt":"2026-04-28T05:17:11","guid":{"rendered":"https:\/\/ozince.com\/magaza\/kategorilenmemis\/ayd-12785-rotkolu-meriva-b-10-rotbasi-tarafi-disi-18x1-5mm\/"},"modified":"2026-04-28T08:17:12","modified_gmt":"2026-04-28T05:17:12","slug":"del-ta2695-rotkolu-meriva-b-10-rotbasi-tarafi-disi-18x1-5mm","status":"publish","type":"product","link":"https:\/\/ozince.com\/magaza\/alt-takim-urunleri\/del-ta2695-rotkolu-meriva-b-10-rotbasi-tarafi-disi-18x1-5mm\/","title":{"rendered":"DEL-TA2695 ROTKOLU MERIVA B 10= ROTBA\u015eI TARAFI D\u0130\u015e\u0130 18X1.5mm"},"content":{"rendered":"","protected":false},"excerpt":{"rendered":"","protected":false},"featured_media":12029,"template":"","meta":[],"product_brand":[236],"product_cat":[382],"product_tag":[378],"class_list":{"0":"post-9388","1":"product","2":"type-product","3":"status-publish","4":"has-post-thumbnail","6":"arac_markasi_modeli-meriva","7":"arac_markasi_modeli-meriva-b","8":"arac_markasi_modeli-opel","9":"product_brand-delphi","10":"product_cat-alt-takim-urunleri","11":"product_tag-altay","13":"first","14":"outofstock","15":"taxable","16":"shipping-taxable","17":"purchasable","18":"product-type-simple"},"jetpack_sharing_enabled":true,"_links":{"self":[{"href":"https:\/\/ozince.com\/magaza\/wp-json\/wp\/v2\/product\/9388","targetHints":{"allow":["GET"]}}],"collection":[{"href":"https:\/\/ozince.com\/magaza\/wp-json\/wp\/v2\/product"}],"about":[{"href":"https:\/\/ozince.com\/magaza\/wp-json\/wp\/v2\/types\/product"}],"wp:featuredmedia":[{"embeddable":true,"href":"https:\/\/ozince.com\/magaza\/wp-json\/wp\/v2\/media\/12029"}],"wp:attachment":[{"href":"https:\/\/ozince.com\/magaza\/wp-json\/wp\/v2\/media?parent=9388"}],"wp:term":[{"taxonomy":"product_brand","embeddable":true,"href":"https:\/\/ozince.com\/magaza\/wp-json\/wp\/v2\/product_brand?post=9388"},{"taxonomy":"product_cat","embeddable":true,"href":"https:\/\/ozince.com\/magaza\/wp-json\/wp\/v2\/product_cat?post=9388"},{"taxonomy":"product_tag","embeddable":true,"href":"https:\/\/ozince.com\/magaza\/wp-json\/wp\/v2\/product_tag?post=9388"}],"curies":[{"name":"wp","href":"https:\/\/api.w.org\/{rel}","templated":true}]}}