{"id":9374,"date":"2026-04-08T08:12:39","date_gmt":"2026-04-08T05:12:39","guid":{"rendered":"https:\/\/ozince.com\/magaza\/kategorilenmemis\/ytt-1401-aks-korugu-ic-tk-vectra-a-astra-f-astra-g-astra-h-fiesta-i-fiesta-ii-marea-bravo-aveo-kalos-lacetti\/"},"modified":"2026-04-08T08:12:40","modified_gmt":"2026-04-08T05:12:40","slug":"uce-91107-aks-korugu-ic-tk-vectra-a-astra-f-astra-g-astra-h-fiesta-i-fiesta-ii-marea-bravo-aveo-kalos-lacetti","status":"publish","type":"product","link":"https:\/\/ozince.com\/magaza\/aks-urunleri\/uce-91107-aks-korugu-ic-tk-vectra-a-astra-f-astra-g-astra-h-fiesta-i-fiesta-ii-marea-bravo-aveo-kalos-lacetti\/","title":{"rendered":"UCE-91107 AKS K\u00d6R\u00dc\u011e\u00dc \u0130\u00c7 TK. VECTRA A \/ ASTRA F \/ ASTRA G \/ ASTRA H \/ FIESTA I \/ FIESTA II \/ MAREA \/ BRAVO \/ AVEO \/ KALOS \/ LACETT\u0130"},"content":{"rendered":"","protected":false},"excerpt":{"rendered":"","protected":false},"featured_media":15757,"template":"","meta":[],"product_brand":[414],"product_cat":[379],"product_tag":[378],"class_list":{"0":"post-9374","1":"product","2":"type-product","3":"status-publish","4":"has-post-thumbnail","6":"arac_markasi_modeli-astra-f","7":"arac_markasi_modeli-astra-g","8":"arac_markasi_modeli-astra-h","9":"arac_markasi_modeli-opel","10":"arac_markasi_modeli-vectra-a","11":"product_brand-ucel","12":"product_cat-aks-urunleri","13":"product_tag-altay","15":"first","16":"instock","17":"taxable","18":"shipping-taxable","19":"purchasable","20":"product-type-simple"},"jetpack_sharing_enabled":true,"_links":{"self":[{"href":"https:\/\/ozince.com\/magaza\/wp-json\/wp\/v2\/product\/9374","targetHints":{"allow":["GET"]}}],"collection":[{"href":"https:\/\/ozince.com\/magaza\/wp-json\/wp\/v2\/product"}],"about":[{"href":"https:\/\/ozince.com\/magaza\/wp-json\/wp\/v2\/types\/product"}],"wp:featuredmedia":[{"embeddable":true,"href":"https:\/\/ozince.com\/magaza\/wp-json\/wp\/v2\/media\/15757"}],"wp:attachment":[{"href":"https:\/\/ozince.com\/magaza\/wp-json\/wp\/v2\/media?parent=9374"}],"wp:term":[{"taxonomy":"product_brand","embeddable":true,"href":"https:\/\/ozince.com\/magaza\/wp-json\/wp\/v2\/product_brand?post=9374"},{"taxonomy":"product_cat","embeddable":true,"href":"https:\/\/ozince.com\/magaza\/wp-json\/wp\/v2\/product_cat?post=9374"},{"taxonomy":"product_tag","embeddable":true,"href":"https:\/\/ozince.com\/magaza\/wp-json\/wp\/v2\/product_tag?post=9374"}],"curies":[{"name":"wp","href":"https:\/\/api.w.org\/{rel}","templated":true}]}}