{"id":9368,"date":"2026-04-11T08:12:57","date_gmt":"2026-04-11T05:12:57","guid":{"rendered":"https:\/\/ozince.com\/magaza\/kategorilenmemis\/vr-14-32191-01-civata-silindir-kapak-saplama-astra-h-04-10-corsa-d-06-14-linea-07-1-3-cdti-z13dth-takim\/"},"modified":"2026-04-11T08:12:57","modified_gmt":"2026-04-11T05:12:57","slug":"vr-14-32191-01-civata-silindir-kapak-saplama-astra-h-04-10-corsa-d-06-14-linea-07-1-3-cdti-z13dth-takim","status":"publish","type":"product","link":"https:\/\/ozince.com\/magaza\/motor-mekanik-urunleri\/vr-14-32191-01-civata-silindir-kapak-saplama-astra-h-04-10-corsa-d-06-14-linea-07-1-3-cdti-z13dth-takim\/","title":{"rendered":"VR-14-32191-01 C\u0130VATA S\u0130L\u0130ND\u0130R KAPAK SAPLAMA ASTRA H 04-10 \/ CORSA D 06-14 \/ LINEA 07= \/ 1.3 CDTI (Z13DTH) TAKIM"},"content":{"rendered":"","protected":false},"excerpt":{"rendered":"","protected":false},"featured_media":0,"template":"","meta":[],"product_brand":[422],"product_cat":[298],"product_tag":[378],"class_list":{"0":"post-9368","1":"product","2":"type-product","3":"status-publish","5":"arac_markasi_modeli-astra-h","6":"arac_markasi_modeli-corsa-d","7":"arac_markasi_modeli-opel","8":"product_brand-v-reinz","9":"product_cat-motor-mekanik-urunleri","10":"product_tag-altay","12":"first","13":"instock","14":"taxable","15":"shipping-taxable","16":"purchasable","17":"product-type-simple"},"jetpack_sharing_enabled":true,"_links":{"self":[{"href":"https:\/\/ozince.com\/magaza\/wp-json\/wp\/v2\/product\/9368","targetHints":{"allow":["GET"]}}],"collection":[{"href":"https:\/\/ozince.com\/magaza\/wp-json\/wp\/v2\/product"}],"about":[{"href":"https:\/\/ozince.com\/magaza\/wp-json\/wp\/v2\/types\/product"}],"wp:attachment":[{"href":"https:\/\/ozince.com\/magaza\/wp-json\/wp\/v2\/media?parent=9368"}],"wp:term":[{"taxonomy":"product_brand","embeddable":true,"href":"https:\/\/ozince.com\/magaza\/wp-json\/wp\/v2\/product_brand?post=9368"},{"taxonomy":"product_cat","embeddable":true,"href":"https:\/\/ozince.com\/magaza\/wp-json\/wp\/v2\/product_cat?post=9368"},{"taxonomy":"product_tag","embeddable":true,"href":"https:\/\/ozince.com\/magaza\/wp-json\/wp\/v2\/product_tag?post=9368"}],"curies":[{"name":"wp","href":"https:\/\/api.w.org\/{rel}","templated":true}]}}