{"id":9363,"date":"2025-10-14T14:07:16","date_gmt":"2025-10-14T11:07:16","guid":{"rendered":"https:\/\/ozince.com\/magaza\/kategorilenmemis\/vr-70-36613-00-supap-lastigi-astra-g-98-07-astra-h-04-10-1-6-16v-z16xep-a16xer-a16let-a16xer-adet\/"},"modified":"2025-12-01T14:53:52","modified_gmt":"2025-12-01T11:53:52","slug":"vr-70-36613-00-supap-lastigi-astra-g-98-07-astra-h-04-10-1-6-16v-z16xep-a16xer-a16let-a16xer-adet","status":"publish","type":"product","link":"https:\/\/ozince.com\/magaza\/motor-mekanik-urunleri\/vr-70-36613-00-supap-lastigi-astra-g-98-07-astra-h-04-10-1-6-16v-z16xep-a16xer-a16let-a16xer-adet\/","title":{"rendered":"VR-70-36613-00 SUPAP LAST\u0130\u011e\u0130 ASTRA G  98-07 \/ ASTRA H 04-10 \/ 1.6 16V (Z16XEP-A16XER-A16LET-A16XER) ADET"},"content":{"rendered":"","protected":false},"excerpt":{"rendered":"","protected":false},"featured_media":13672,"template":"","meta":[],"product_brand":[422],"product_cat":[298],"product_tag":[378],"class_list":{"0":"post-9363","1":"product","2":"type-product","3":"status-publish","4":"has-post-thumbnail","6":"arac_markasi_modeli-astra-g","7":"arac_markasi_modeli-astra-h","8":"arac_markasi_modeli-opel","9":"product_brand-v-reinz","10":"product_cat-motor-mekanik-urunleri","11":"product_tag-altay","13":"first","14":"instock","15":"taxable","16":"shipping-taxable","17":"purchasable","18":"product-type-simple"},"jetpack_sharing_enabled":true,"_links":{"self":[{"href":"https:\/\/ozince.com\/magaza\/wp-json\/wp\/v2\/product\/9363","targetHints":{"allow":["GET"]}}],"collection":[{"href":"https:\/\/ozince.com\/magaza\/wp-json\/wp\/v2\/product"}],"about":[{"href":"https:\/\/ozince.com\/magaza\/wp-json\/wp\/v2\/types\/product"}],"wp:featuredmedia":[{"embeddable":true,"href":"https:\/\/ozince.com\/magaza\/wp-json\/wp\/v2\/media\/13672"}],"wp:attachment":[{"href":"https:\/\/ozince.com\/magaza\/wp-json\/wp\/v2\/media?parent=9363"}],"wp:term":[{"taxonomy":"product_brand","embeddable":true,"href":"https:\/\/ozince.com\/magaza\/wp-json\/wp\/v2\/product_brand?post=9363"},{"taxonomy":"product_cat","embeddable":true,"href":"https:\/\/ozince.com\/magaza\/wp-json\/wp\/v2\/product_cat?post=9363"},{"taxonomy":"product_tag","embeddable":true,"href":"https:\/\/ozince.com\/magaza\/wp-json\/wp\/v2\/product_tag?post=9363"}],"curies":[{"name":"wp","href":"https:\/\/api.w.org\/{rel}","templated":true}]}}