{"id":9345,"date":"2026-04-07T08:15:01","date_gmt":"2026-04-07T05:15:01","guid":{"rendered":"https:\/\/ozince.com\/magaza\/kategorilenmemis\/mhr-38588-sinyal-lambasi-vectra-a-93-96-on-sag\/"},"modified":"2026-04-07T08:15:01","modified_gmt":"2026-04-07T05:15:01","slug":"mhr-38588-sinyal-lambasi-vectra-a-93-96-on-sag","status":"publish","type":"product","link":"https:\/\/ozince.com\/magaza\/dis-aydinlatma-urunleri\/mhr-38588-sinyal-lambasi-vectra-a-93-96-on-sag\/","title":{"rendered":"MHR-38588 S\u0130NYAL LAMBASI VECTRA A 93-96 \u00d6N SA\u011e"},"content":{"rendered":"","protected":false},"excerpt":{"rendered":"","protected":false},"featured_media":0,"template":"","meta":[],"product_brand":[288],"product_cat":[411],"product_tag":[378],"class_list":{"0":"post-9345","1":"product","2":"type-product","3":"status-publish","5":"arac_markasi_modeli-opel","6":"arac_markasi_modeli-vectra-a","7":"product_brand-maher","8":"product_cat-dis-aydinlatma-urunleri","9":"product_tag-altay","11":"first","12":"instock","13":"taxable","14":"shipping-taxable","15":"purchasable","16":"product-type-simple"},"jetpack_sharing_enabled":true,"_links":{"self":[{"href":"https:\/\/ozince.com\/magaza\/wp-json\/wp\/v2\/product\/9345","targetHints":{"allow":["GET"]}}],"collection":[{"href":"https:\/\/ozince.com\/magaza\/wp-json\/wp\/v2\/product"}],"about":[{"href":"https:\/\/ozince.com\/magaza\/wp-json\/wp\/v2\/types\/product"}],"wp:attachment":[{"href":"https:\/\/ozince.com\/magaza\/wp-json\/wp\/v2\/media?parent=9345"}],"wp:term":[{"taxonomy":"product_brand","embeddable":true,"href":"https:\/\/ozince.com\/magaza\/wp-json\/wp\/v2\/product_brand?post=9345"},{"taxonomy":"product_cat","embeddable":true,"href":"https:\/\/ozince.com\/magaza\/wp-json\/wp\/v2\/product_cat?post=9345"},{"taxonomy":"product_tag","embeddable":true,"href":"https:\/\/ozince.com\/magaza\/wp-json\/wp\/v2\/product_tag?post=9345"}],"curies":[{"name":"wp","href":"https:\/\/api.w.org\/{rel}","templated":true}]}}