{"id":9344,"date":"2026-04-28T08:09:40","date_gmt":"2026-04-28T05:09:40","guid":{"rendered":"https:\/\/ozince.com\/magaza\/kategorilenmemis\/swg-40230001-musur-yag-astra-f-g-h-corsa-b-c-vectra-a-b-c-kalos-aveo-lacetti-captiva-91-1-2-1-4\/"},"modified":"2026-04-28T08:09:41","modified_gmt":"2026-04-28T05:09:41","slug":"swg-40230001-musur-yag-astra-f-g-h-corsa-b-c-vectra-a-b-c-kalos-aveo-lacetti-captiva-91-1-2-1-4","status":"publish","type":"product","link":"https:\/\/ozince.com\/magaza\/sensor-ve-elektrik-urunleri\/swg-40230001-musur-yag-astra-f-g-h-corsa-b-c-vectra-a-b-c-kalos-aveo-lacetti-captiva-91-1-2-1-4\/","title":{"rendered":"SWG-40230001 M\u00dc\u015e\u00dcR YA\u011e ASTRA F \/ G \/ H CORSA B \/ C VECTRA A \/ B \/ C KALOS \/ AVEO \/ LACETT\u0130 \/ CAPT\u0130VA 91= 1.2-1.4"},"content":{"rendered":"","protected":false},"excerpt":{"rendered":"","protected":false},"featured_media":15587,"template":"","meta":[],"product_brand":[309],"product_cat":[374],"product_tag":[378],"class_list":{"0":"post-9344","1":"product","2":"type-product","3":"status-publish","4":"has-post-thumbnail","6":"arac_markasi_modeli-astra-f","7":"arac_markasi_modeli-corsa-b","8":"arac_markasi_modeli-opel","9":"arac_markasi_modeli-vectra-a","10":"product_brand-swag","11":"product_cat-sensor-ve-elektrik-urunleri","12":"product_tag-altay","14":"first","15":"instock","16":"taxable","17":"shipping-taxable","18":"purchasable","19":"product-type-simple"},"jetpack_sharing_enabled":true,"_links":{"self":[{"href":"https:\/\/ozince.com\/magaza\/wp-json\/wp\/v2\/product\/9344","targetHints":{"allow":["GET"]}}],"collection":[{"href":"https:\/\/ozince.com\/magaza\/wp-json\/wp\/v2\/product"}],"about":[{"href":"https:\/\/ozince.com\/magaza\/wp-json\/wp\/v2\/types\/product"}],"wp:featuredmedia":[{"embeddable":true,"href":"https:\/\/ozince.com\/magaza\/wp-json\/wp\/v2\/media\/15587"}],"wp:attachment":[{"href":"https:\/\/ozince.com\/magaza\/wp-json\/wp\/v2\/media?parent=9344"}],"wp:term":[{"taxonomy":"product_brand","embeddable":true,"href":"https:\/\/ozince.com\/magaza\/wp-json\/wp\/v2\/product_brand?post=9344"},{"taxonomy":"product_cat","embeddable":true,"href":"https:\/\/ozince.com\/magaza\/wp-json\/wp\/v2\/product_cat?post=9344"},{"taxonomy":"product_tag","embeddable":true,"href":"https:\/\/ozince.com\/magaza\/wp-json\/wp\/v2\/product_tag?post=9344"}],"curies":[{"name":"wp","href":"https:\/\/api.w.org\/{rel}","templated":true}]}}