{"id":9340,"date":"2026-02-21T08:12:55","date_gmt":"2026-02-21T05:12:55","guid":{"rendered":"https:\/\/ozince.com\/magaza\/kategorilenmemis\/ytt-1751-ceki-demir-kapagi-arka-zafira-b-05-11\/"},"modified":"2026-02-21T08:12:56","modified_gmt":"2026-02-21T05:12:56","slug":"ytt-1751-ceki-demir-kapagi-arka-zafira-b-05-11","status":"publish","type":"product","link":"https:\/\/ozince.com\/magaza\/karoseri-ve-kaporta-urunleri\/ytt-1751-ceki-demir-kapagi-arka-zafira-b-05-11\/","title":{"rendered":"YTT-1751 \u00c7EK\u0130 DEM\u0130R KAPA\u011eI ARKA ZAFIRA B 05-11"},"content":{"rendered":"","protected":false},"excerpt":{"rendered":"","protected":false},"featured_media":13465,"template":"","meta":[],"product_brand":[413],"product_cat":[351],"product_tag":[378],"class_list":{"0":"post-9340","1":"product","2":"type-product","3":"status-publish","4":"has-post-thumbnail","6":"arac_markasi_modeli-opel","7":"arac_markasi_modeli-zafira-b","8":"product_brand-ytt","9":"product_cat-karoseri-ve-kaporta-urunleri","10":"product_tag-altay","12":"first","13":"outofstock","14":"taxable","15":"shipping-taxable","16":"purchasable","17":"product-type-simple"},"jetpack_sharing_enabled":true,"_links":{"self":[{"href":"https:\/\/ozince.com\/magaza\/wp-json\/wp\/v2\/product\/9340","targetHints":{"allow":["GET"]}}],"collection":[{"href":"https:\/\/ozince.com\/magaza\/wp-json\/wp\/v2\/product"}],"about":[{"href":"https:\/\/ozince.com\/magaza\/wp-json\/wp\/v2\/types\/product"}],"wp:featuredmedia":[{"embeddable":true,"href":"https:\/\/ozince.com\/magaza\/wp-json\/wp\/v2\/media\/13465"}],"wp:attachment":[{"href":"https:\/\/ozince.com\/magaza\/wp-json\/wp\/v2\/media?parent=9340"}],"wp:term":[{"taxonomy":"product_brand","embeddable":true,"href":"https:\/\/ozince.com\/magaza\/wp-json\/wp\/v2\/product_brand?post=9340"},{"taxonomy":"product_cat","embeddable":true,"href":"https:\/\/ozince.com\/magaza\/wp-json\/wp\/v2\/product_cat?post=9340"},{"taxonomy":"product_tag","embeddable":true,"href":"https:\/\/ozince.com\/magaza\/wp-json\/wp\/v2\/product_tag?post=9340"}],"curies":[{"name":"wp","href":"https:\/\/api.w.org\/{rel}","templated":true}]}}