{"id":9331,"date":"2026-03-04T08:17:39","date_gmt":"2026-03-04T05:17:39","guid":{"rendered":"https:\/\/ozince.com\/magaza\/kategorilenmemis\/hel-8eh188704-021-atesleme-bujisi-palio-98-03-1-4-albea-03-09-1-4-astra-f-astra-g-vectra-a-vectra-b-vectra-c-clio-98-1-4-16v-1-6-16v-405-406-506-xsara-1-8-2-0-flr8ldcu-bk\/"},"modified":"2026-03-04T08:17:41","modified_gmt":"2026-03-04T05:17:41","slug":"chm-oe015-t10-atesleme-bujisi-palio-98-03-1-4-albea-03-09-1-4-astra-f-astra-g-vectra-a-vectra-b-vectra-c-clio-98-1-4-16v-1-6-16v-405-406-506-xsara-1-8-2-0-flr8ldcu-bkr5ek","status":"publish","type":"product","link":"https:\/\/ozince.com\/magaza\/sensor-ve-elektrik-urunleri\/chm-oe015-t10-atesleme-bujisi-palio-98-03-1-4-albea-03-09-1-4-astra-f-astra-g-vectra-a-vectra-b-vectra-c-clio-98-1-4-16v-1-6-16v-405-406-506-xsara-1-8-2-0-flr8ldcu-bkr5ek\/","title":{"rendered":"CHM-OE015\/T10 ATE\u015eLEME BUJ\u0130S\u0130 PALIO 98-03 1.4 \/ ALBEA 03-09 1.4 \/ ASTRA F \/ ASTRA G \/ VECTRA A \/ VECTRA B \/ VECTRA C \/  \/ CLIO 98= 1.4 16V-1.6 16V \/ 405 \/ 406 \/ 506 \/ XSARA 1.8-2.0  (FLR8LDCU) (BKR5EK) \u00c7\u0130FT TIRNAK"},"content":{"rendered":"","protected":false},"excerpt":{"rendered":"","protected":false},"featured_media":13744,"template":"","meta":[],"product_brand":[465],"product_cat":[374],"product_tag":[378],"class_list":{"0":"post-9331","1":"product","2":"type-product","3":"status-publish","4":"has-post-thumbnail","6":"arac_markasi_modeli-astra-f","7":"arac_markasi_modeli-astra-g","8":"arac_markasi_modeli-opel","9":"arac_markasi_modeli-vectra-a","10":"arac_markasi_modeli-vectra-b","11":"arac_markasi_modeli-vectra-c","12":"product_brand-champion","13":"product_cat-sensor-ve-elektrik-urunleri","14":"product_tag-altay","16":"first","17":"instock","18":"taxable","19":"shipping-taxable","20":"purchasable","21":"product-type-simple"},"jetpack_sharing_enabled":true,"_links":{"self":[{"href":"https:\/\/ozince.com\/magaza\/wp-json\/wp\/v2\/product\/9331","targetHints":{"allow":["GET"]}}],"collection":[{"href":"https:\/\/ozince.com\/magaza\/wp-json\/wp\/v2\/product"}],"about":[{"href":"https:\/\/ozince.com\/magaza\/wp-json\/wp\/v2\/types\/product"}],"wp:featuredmedia":[{"embeddable":true,"href":"https:\/\/ozince.com\/magaza\/wp-json\/wp\/v2\/media\/13744"}],"wp:attachment":[{"href":"https:\/\/ozince.com\/magaza\/wp-json\/wp\/v2\/media?parent=9331"}],"wp:term":[{"taxonomy":"product_brand","embeddable":true,"href":"https:\/\/ozince.com\/magaza\/wp-json\/wp\/v2\/product_brand?post=9331"},{"taxonomy":"product_cat","embeddable":true,"href":"https:\/\/ozince.com\/magaza\/wp-json\/wp\/v2\/product_cat?post=9331"},{"taxonomy":"product_tag","embeddable":true,"href":"https:\/\/ozince.com\/magaza\/wp-json\/wp\/v2\/product_tag?post=9331"}],"curies":[{"name":"wp","href":"https:\/\/api.w.org\/{rel}","templated":true}]}}