{"id":9330,"date":"2026-05-01T08:17:28","date_gmt":"2026-05-01T05:17:28","guid":{"rendered":"https:\/\/ozince.com\/magaza\/kategorilenmemis\/tpr-202127001-atesleme-modulu-vectra-a-corsa-a-corsa-b-91-00\/"},"modified":"2026-05-01T08:17:29","modified_gmt":"2026-05-01T05:17:29","slug":"tpr-202127001-atesleme-modulu-vectra-a-corsa-a-corsa-b-91-00","status":"publish","type":"product","link":"https:\/\/ozince.com\/magaza\/sensor-ve-elektrik-urunleri\/tpr-202127001-atesleme-modulu-vectra-a-corsa-a-corsa-b-91-00\/","title":{"rendered":"TPR-202127001 ATE\u015eLEME MOD\u00dcL\u00dc VECTRA A \/ CORSA A \/ CORSA B 91-00"},"content":{"rendered":"","protected":false},"excerpt":{"rendered":"","protected":false},"featured_media":0,"template":"","meta":[],"product_brand":[336],"product_cat":[374],"product_tag":[378],"class_list":{"0":"post-9330","1":"product","2":"type-product","3":"status-publish","5":"arac_markasi_modeli-corsa-a","6":"arac_markasi_modeli-corsa-b","7":"arac_markasi_modeli-opel","8":"arac_markasi_modeli-vectra-a","9":"product_brand-topran","10":"product_cat-sensor-ve-elektrik-urunleri","11":"product_tag-altay","13":"first","14":"instock","15":"taxable","16":"shipping-taxable","17":"purchasable","18":"product-type-simple"},"jetpack_sharing_enabled":true,"_links":{"self":[{"href":"https:\/\/ozince.com\/magaza\/wp-json\/wp\/v2\/product\/9330","targetHints":{"allow":["GET"]}}],"collection":[{"href":"https:\/\/ozince.com\/magaza\/wp-json\/wp\/v2\/product"}],"about":[{"href":"https:\/\/ozince.com\/magaza\/wp-json\/wp\/v2\/types\/product"}],"wp:attachment":[{"href":"https:\/\/ozince.com\/magaza\/wp-json\/wp\/v2\/media?parent=9330"}],"wp:term":[{"taxonomy":"product_brand","embeddable":true,"href":"https:\/\/ozince.com\/magaza\/wp-json\/wp\/v2\/product_brand?post=9330"},{"taxonomy":"product_cat","embeddable":true,"href":"https:\/\/ozince.com\/magaza\/wp-json\/wp\/v2\/product_cat?post=9330"},{"taxonomy":"product_tag","embeddable":true,"href":"https:\/\/ozince.com\/magaza\/wp-json\/wp\/v2\/product_tag?post=9330"}],"curies":[{"name":"wp","href":"https:\/\/api.w.org\/{rel}","templated":true}]}}