{"id":9304,"date":"2026-04-10T08:12:45","date_gmt":"2026-04-10T05:12:45","guid":{"rendered":"https:\/\/ozince.com\/magaza\/kategorilenmemis\/mhr-32797-kulbutor-kapagi-astra-j-corsa-d-mokka-aveo-meriva-b-a12xel-b12xel-a14xer-a14net-b14net\/"},"modified":"2026-04-10T08:12:45","modified_gmt":"2026-04-10T05:12:45","slug":"feb-49615-kulbutor-kapagi-astra-j-corsa-d-mokka-aveo-meriva-b-a12xel-b12xel-a14xer-a14net-b14net","status":"publish","type":"product","link":"https:\/\/ozince.com\/magaza\/motor-mekanik-urunleri\/feb-49615-kulbutor-kapagi-astra-j-corsa-d-mokka-aveo-meriva-b-a12xel-b12xel-a14xer-a14net-b14net\/","title":{"rendered":"FEB-49615 K\u00dcLB\u00dcT\u00d6R KAPAGI ASTRA J \/ CORSA D \/ MOKKA \/ AVEO \/ MERIVA B A12XEL-B12XEL-A14XER-A14NET-B14NET"},"content":{"rendered":"","protected":false},"excerpt":{"rendered":"","protected":false},"featured_media":0,"template":"","meta":[],"product_brand":[194],"product_cat":[298],"product_tag":[378],"class_list":{"0":"post-9304","1":"product","2":"type-product","3":"status-publish","5":"arac_markasi_modeli-astra-j","6":"arac_markasi_modeli-corsa-d","7":"arac_markasi_modeli-meriva","8":"arac_markasi_modeli-meriva-b","9":"arac_markasi_modeli-mokka","10":"arac_markasi_modeli-opel","11":"product_brand-febi","12":"product_cat-motor-mekanik-urunleri","13":"product_tag-altay","15":"first","16":"instock","17":"taxable","18":"shipping-taxable","19":"purchasable","20":"product-type-simple"},"jetpack_sharing_enabled":true,"_links":{"self":[{"href":"https:\/\/ozince.com\/magaza\/wp-json\/wp\/v2\/product\/9304","targetHints":{"allow":["GET"]}}],"collection":[{"href":"https:\/\/ozince.com\/magaza\/wp-json\/wp\/v2\/product"}],"about":[{"href":"https:\/\/ozince.com\/magaza\/wp-json\/wp\/v2\/types\/product"}],"wp:attachment":[{"href":"https:\/\/ozince.com\/magaza\/wp-json\/wp\/v2\/media?parent=9304"}],"wp:term":[{"taxonomy":"product_brand","embeddable":true,"href":"https:\/\/ozince.com\/magaza\/wp-json\/wp\/v2\/product_brand?post=9304"},{"taxonomy":"product_cat","embeddable":true,"href":"https:\/\/ozince.com\/magaza\/wp-json\/wp\/v2\/product_cat?post=9304"},{"taxonomy":"product_tag","embeddable":true,"href":"https:\/\/ozince.com\/magaza\/wp-json\/wp\/v2\/product_tag?post=9304"}],"curies":[{"name":"wp","href":"https:\/\/api.w.org\/{rel}","templated":true}]}}