{"id":9297,"date":"2026-04-10T08:10:12","date_gmt":"2026-04-10T05:10:12","guid":{"rendered":"https:\/\/ozince.com\/magaza\/kategorilenmemis\/ngk-4589-atesleme-bujisi-vectra-c-astra-h-s2000-99-imprezza-01-05-sx4-06-avensis-97-00-2-0-16v-wr8dcx-ifr6t11\/"},"modified":"2026-04-10T08:10:13","modified_gmt":"2026-04-10T05:10:13","slug":"ngk-4589-atesleme-bujisi-vectra-c-astra-h-s2000-99-imprezza-01-05-sx4-06-avensis-97-00-2-0-16v-wr8dcx-ifr6t11","status":"publish","type":"product","link":"https:\/\/ozince.com\/magaza\/sensor-ve-elektrik-urunleri\/ngk-4589-atesleme-bujisi-vectra-c-astra-h-s2000-99-imprezza-01-05-sx4-06-avensis-97-00-2-0-16v-wr8dcx-ifr6t11\/","title":{"rendered":"NGK-4589 ATE\u015eLEME BUJ\u0130S\u0130 VECTRA C \/ ASTRA H \/ S2000 99= \/ IMPREZZA 01-05 \/ SX4 06= AVENSIS 97-00 2.0 16V WR8DCX+ (IFR6T11)"},"content":{"rendered":"","protected":false},"excerpt":{"rendered":"","protected":false},"featured_media":15502,"template":"","meta":[],"product_brand":[417],"product_cat":[374],"product_tag":[378],"class_list":{"0":"post-9297","1":"product","2":"type-product","3":"status-publish","4":"has-post-thumbnail","6":"arac_markasi_modeli-astra-h","7":"arac_markasi_modeli-opel","8":"arac_markasi_modeli-vectra-c","9":"product_brand-ngk","10":"product_cat-sensor-ve-elektrik-urunleri","11":"product_tag-altay","13":"first","14":"instock","15":"taxable","16":"shipping-taxable","17":"purchasable","18":"product-type-simple"},"jetpack_sharing_enabled":true,"_links":{"self":[{"href":"https:\/\/ozince.com\/magaza\/wp-json\/wp\/v2\/product\/9297","targetHints":{"allow":["GET"]}}],"collection":[{"href":"https:\/\/ozince.com\/magaza\/wp-json\/wp\/v2\/product"}],"about":[{"href":"https:\/\/ozince.com\/magaza\/wp-json\/wp\/v2\/types\/product"}],"wp:featuredmedia":[{"embeddable":true,"href":"https:\/\/ozince.com\/magaza\/wp-json\/wp\/v2\/media\/15502"}],"wp:attachment":[{"href":"https:\/\/ozince.com\/magaza\/wp-json\/wp\/v2\/media?parent=9297"}],"wp:term":[{"taxonomy":"product_brand","embeddable":true,"href":"https:\/\/ozince.com\/magaza\/wp-json\/wp\/v2\/product_brand?post=9297"},{"taxonomy":"product_cat","embeddable":true,"href":"https:\/\/ozince.com\/magaza\/wp-json\/wp\/v2\/product_cat?post=9297"},{"taxonomy":"product_tag","embeddable":true,"href":"https:\/\/ozince.com\/magaza\/wp-json\/wp\/v2\/product_tag?post=9297"}],"curies":[{"name":"wp","href":"https:\/\/api.w.org\/{rel}","templated":true}]}}