{"id":9289,"date":"2026-04-09T08:14:02","date_gmt":"2026-04-09T05:14:02","guid":{"rendered":"https:\/\/ozince.com\/magaza\/kategorilenmemis\/hel-5da358000-321-atesleme-bobini-cruze-09-14-1-6-aveo-06-11-1-4-f16-lde\/"},"modified":"2026-04-09T08:14:04","modified_gmt":"2026-04-09T05:14:04","slug":"hel-5da358000-321-atesleme-bobini-cruze-09-14-1-6-aveo-06-11-1-4-f16-lde","status":"publish","type":"product","link":"https:\/\/ozince.com\/magaza\/sensor-ve-elektrik-urunleri\/hel-5da358000-321-atesleme-bobini-cruze-09-14-1-6-aveo-06-11-1-4-f16-lde\/","title":{"rendered":"HEL-5DA358000-321 ATE\u015eLEME BOB\u0130N\u0130 CRUZE 09-14 1.6 \/ AVEO 06-11 1.4 \/ F16-LDE"},"content":{"rendered":"","protected":false},"excerpt":{"rendered":"","protected":false},"featured_media":0,"template":"","meta":[],"product_brand":[199],"product_cat":[374],"product_tag":[378],"class_list":{"0":"post-9289","1":"product","2":"type-product","3":"status-publish","5":"arac_markasi_modeli-aveo","6":"arac_markasi_modeli-chevrolet","7":"arac_markasi_modeli-cruze","8":"product_brand-hella","9":"product_cat-sensor-ve-elektrik-urunleri","10":"product_tag-altay","12":"first","13":"instock","14":"taxable","15":"shipping-taxable","16":"purchasable","17":"product-type-simple"},"jetpack_sharing_enabled":true,"_links":{"self":[{"href":"https:\/\/ozince.com\/magaza\/wp-json\/wp\/v2\/product\/9289","targetHints":{"allow":["GET"]}}],"collection":[{"href":"https:\/\/ozince.com\/magaza\/wp-json\/wp\/v2\/product"}],"about":[{"href":"https:\/\/ozince.com\/magaza\/wp-json\/wp\/v2\/types\/product"}],"wp:attachment":[{"href":"https:\/\/ozince.com\/magaza\/wp-json\/wp\/v2\/media?parent=9289"}],"wp:term":[{"taxonomy":"product_brand","embeddable":true,"href":"https:\/\/ozince.com\/magaza\/wp-json\/wp\/v2\/product_brand?post=9289"},{"taxonomy":"product_cat","embeddable":true,"href":"https:\/\/ozince.com\/magaza\/wp-json\/wp\/v2\/product_cat?post=9289"},{"taxonomy":"product_tag","embeddable":true,"href":"https:\/\/ozince.com\/magaza\/wp-json\/wp\/v2\/product_tag?post=9289"}],"curies":[{"name":"wp","href":"https:\/\/api.w.org\/{rel}","templated":true}]}}