{"id":9280,"date":"2026-04-28T08:09:32","date_gmt":"2026-04-28T05:09:32","guid":{"rendered":"https:\/\/ozince.com\/magaza\/kategorilenmemis\/ytt-2068-dugme-cam-acma-astra-h-zafira-b-04-12-tekli-sag\/"},"modified":"2026-04-28T08:09:32","modified_gmt":"2026-04-28T05:09:32","slug":"ytt-2068-dugme-cam-acma-astra-h-zafira-b-04-12-tekli-sag","status":"publish","type":"product","link":"https:\/\/ozince.com\/magaza\/sensor-ve-elektrik-urunleri\/ytt-2068-dugme-cam-acma-astra-h-zafira-b-04-12-tekli-sag\/","title":{"rendered":"YTT-2068 D\u00dc\u011eME CAM A\u00c7MA ASTRA H \/ ZAF\u0130RA B 04-12 (TEKL\u0130) SA\u011e"},"content":{"rendered":"","protected":false},"excerpt":{"rendered":"","protected":false},"featured_media":13469,"template":"","meta":[],"product_brand":[413],"product_cat":[374],"product_tag":[378],"class_list":{"0":"post-9280","1":"product","2":"type-product","3":"status-publish","4":"has-post-thumbnail","6":"arac_markasi_modeli-astra-h","7":"arac_markasi_modeli-opel","8":"arac_markasi_modeli-zafira-b","9":"product_brand-ytt","10":"product_cat-sensor-ve-elektrik-urunleri","11":"product_tag-altay","13":"first","14":"instock","15":"taxable","16":"shipping-taxable","17":"purchasable","18":"product-type-simple"},"jetpack_sharing_enabled":true,"_links":{"self":[{"href":"https:\/\/ozince.com\/magaza\/wp-json\/wp\/v2\/product\/9280","targetHints":{"allow":["GET"]}}],"collection":[{"href":"https:\/\/ozince.com\/magaza\/wp-json\/wp\/v2\/product"}],"about":[{"href":"https:\/\/ozince.com\/magaza\/wp-json\/wp\/v2\/types\/product"}],"wp:featuredmedia":[{"embeddable":true,"href":"https:\/\/ozince.com\/magaza\/wp-json\/wp\/v2\/media\/13469"}],"wp:attachment":[{"href":"https:\/\/ozince.com\/magaza\/wp-json\/wp\/v2\/media?parent=9280"}],"wp:term":[{"taxonomy":"product_brand","embeddable":true,"href":"https:\/\/ozince.com\/magaza\/wp-json\/wp\/v2\/product_brand?post=9280"},{"taxonomy":"product_cat","embeddable":true,"href":"https:\/\/ozince.com\/magaza\/wp-json\/wp\/v2\/product_cat?post=9280"},{"taxonomy":"product_tag","embeddable":true,"href":"https:\/\/ozince.com\/magaza\/wp-json\/wp\/v2\/product_tag?post=9280"}],"curies":[{"name":"wp","href":"https:\/\/api.w.org\/{rel}","templated":true}]}}