{"id":9269,"date":"2025-10-14T14:06:39","date_gmt":"2025-10-14T11:06:39","guid":{"rendered":"https:\/\/ozince.com\/magaza\/kategorilenmemis\/ytt-1698-kapi-doseme-klipsi-astra-f-astra-g-vectra-a-corsa-b-corsa-c\/"},"modified":"2025-10-14T14:06:41","modified_gmt":"2025-10-14T11:06:41","slug":"ytt-1698-kapi-doseme-klipsi-astra-f-astra-g-vectra-a-corsa-b-corsa-c","status":"publish","type":"product","link":"https:\/\/ozince.com\/magaza\/karoseri-ve-kaporta-urunleri\/ytt-1698-kapi-doseme-klipsi-astra-f-astra-g-vectra-a-corsa-b-corsa-c\/","title":{"rendered":"YTT-1698 KAPI D\u00d6\u015eEME KL\u0130PS\u0130 ASTRA F \/ ASTRA G \/ VECTRA A \/ CORSA B \/ CORSA C"},"content":{"rendered":"","protected":false},"excerpt":{"rendered":"","protected":false},"featured_media":0,"template":"","meta":[],"product_brand":[413],"product_cat":[351],"product_tag":[378],"class_list":{"0":"post-9269","1":"product","2":"type-product","3":"status-publish","5":"arac_markasi_modeli-astra-f","6":"arac_markasi_modeli-astra-g","7":"arac_markasi_modeli-corsa-b","8":"arac_markasi_modeli-corsa-c","9":"arac_markasi_modeli-opel","10":"arac_markasi_modeli-vectra-a","11":"product_brand-ytt","12":"product_cat-karoseri-ve-kaporta-urunleri","13":"product_tag-altay","15":"first","16":"instock","17":"taxable","18":"shipping-taxable","19":"purchasable","20":"product-type-simple"},"jetpack_sharing_enabled":true,"_links":{"self":[{"href":"https:\/\/ozince.com\/magaza\/wp-json\/wp\/v2\/product\/9269","targetHints":{"allow":["GET"]}}],"collection":[{"href":"https:\/\/ozince.com\/magaza\/wp-json\/wp\/v2\/product"}],"about":[{"href":"https:\/\/ozince.com\/magaza\/wp-json\/wp\/v2\/types\/product"}],"wp:attachment":[{"href":"https:\/\/ozince.com\/magaza\/wp-json\/wp\/v2\/media?parent=9269"}],"wp:term":[{"taxonomy":"product_brand","embeddable":true,"href":"https:\/\/ozince.com\/magaza\/wp-json\/wp\/v2\/product_brand?post=9269"},{"taxonomy":"product_cat","embeddable":true,"href":"https:\/\/ozince.com\/magaza\/wp-json\/wp\/v2\/product_cat?post=9269"},{"taxonomy":"product_tag","embeddable":true,"href":"https:\/\/ozince.com\/magaza\/wp-json\/wp\/v2\/product_tag?post=9269"}],"curies":[{"name":"wp","href":"https:\/\/api.w.org\/{rel}","templated":true}]}}