{"id":9262,"date":"2026-04-17T08:13:16","date_gmt":"2026-04-17T05:13:16","guid":{"rendered":"https:\/\/ozince.com\/magaza\/kategorilenmemis\/gates-t39239-vantilator-gergisi-antara-captiva-cruze-epica-lacetti-nubira-z20dmh-2-0cdti\/"},"modified":"2026-04-17T08:13:17","modified_gmt":"2026-04-17T05:13:17","slug":"gates-t39239-vantilator-gergisi-antara-captiva-cruze-epica-lacetti-nubira-z20dmh-2-0cdti","status":"publish","type":"product","link":"https:\/\/ozince.com\/magaza\/motor-mekanik-urunleri\/gates-t39239-vantilator-gergisi-antara-captiva-cruze-epica-lacetti-nubira-z20dmh-2-0cdti\/","title":{"rendered":"GATES-T39239 VANT\u0130LAT\u00d6R GERG\u0130S\u0130 ANTARA \/ CAPT\u0130VA \/CRUZE \/ EP\u0130CA \/ LACETT\u0130 \/ NUB\u0130RA Z20DMH-2.0CDT\u0130"},"content":{"rendered":"","protected":false},"excerpt":{"rendered":"","protected":false},"featured_media":15103,"template":"","meta":[],"product_brand":[299],"product_cat":[298],"product_tag":[378],"class_list":{"0":"post-9262","1":"product","2":"type-product","3":"status-publish","4":"has-post-thumbnail","6":"arac_markasi_modeli-antara","7":"arac_markasi_modeli-captiva","8":"arac_markasi_modeli-chevrolet","9":"arac_markasi_modeli-cruze","10":"arac_markasi_modeli-epica","11":"arac_markasi_modeli-lacetti","12":"product_brand-gates","13":"product_cat-motor-mekanik-urunleri","14":"product_tag-altay","16":"first","17":"outofstock","18":"taxable","19":"shipping-taxable","20":"purchasable","21":"product-type-simple"},"jetpack_sharing_enabled":true,"_links":{"self":[{"href":"https:\/\/ozince.com\/magaza\/wp-json\/wp\/v2\/product\/9262","targetHints":{"allow":["GET"]}}],"collection":[{"href":"https:\/\/ozince.com\/magaza\/wp-json\/wp\/v2\/product"}],"about":[{"href":"https:\/\/ozince.com\/magaza\/wp-json\/wp\/v2\/types\/product"}],"wp:featuredmedia":[{"embeddable":true,"href":"https:\/\/ozince.com\/magaza\/wp-json\/wp\/v2\/media\/15103"}],"wp:attachment":[{"href":"https:\/\/ozince.com\/magaza\/wp-json\/wp\/v2\/media?parent=9262"}],"wp:term":[{"taxonomy":"product_brand","embeddable":true,"href":"https:\/\/ozince.com\/magaza\/wp-json\/wp\/v2\/product_brand?post=9262"},{"taxonomy":"product_cat","embeddable":true,"href":"https:\/\/ozince.com\/magaza\/wp-json\/wp\/v2\/product_cat?post=9262"},{"taxonomy":"product_tag","embeddable":true,"href":"https:\/\/ozince.com\/magaza\/wp-json\/wp\/v2\/product_tag?post=9262"}],"curies":[{"name":"wp","href":"https:\/\/api.w.org\/{rel}","templated":true}]}}