{"id":9259,"date":"2026-04-13T08:12:51","date_gmt":"2026-04-13T05:12:51","guid":{"rendered":"https:\/\/ozince.com\/magaza\/kategorilenmemis\/skt-045883-kece-sanziman-combo-astra-corsa-meriva-vectra-zafira-arka-35x54x10x15\/"},"modified":"2026-04-13T08:12:52","modified_gmt":"2026-04-13T05:12:52","slug":"skt-045883-kece-sanziman-combo-astra-corsa-meriva-vectra-zafira-arka-35x54x10x15","status":"publish","type":"product","link":"https:\/\/ozince.com\/magaza\/motor-mekanik-urunleri\/skt-045883-kece-sanziman-combo-astra-corsa-meriva-vectra-zafira-arka-35x54x10x15\/","title":{"rendered":"SKT-045883 KE\u00c7E \u015eANZIMAN COMBO-ASTRA-CORSA-MER\u0130VA-VECTRA-ZAF\u0130RA ARKA (35x54x10x15)"},"content":{"rendered":"","protected":false},"excerpt":{"rendered":"","protected":false},"featured_media":15564,"template":"","meta":[],"product_brand":[433],"product_cat":[298],"product_tag":[378],"class_list":{"0":"post-9259","1":"product","2":"type-product","3":"status-publish","4":"has-post-thumbnail","6":"arac_markasi_modeli-meriva","7":"arac_markasi_modeli-opel","8":"arac_markasi_modeli-zafira-a","9":"product_brand-skt","10":"product_cat-motor-mekanik-urunleri","11":"product_tag-altay","13":"first","14":"instock","15":"taxable","16":"shipping-taxable","17":"purchasable","18":"product-type-simple"},"jetpack_sharing_enabled":true,"_links":{"self":[{"href":"https:\/\/ozince.com\/magaza\/wp-json\/wp\/v2\/product\/9259","targetHints":{"allow":["GET"]}}],"collection":[{"href":"https:\/\/ozince.com\/magaza\/wp-json\/wp\/v2\/product"}],"about":[{"href":"https:\/\/ozince.com\/magaza\/wp-json\/wp\/v2\/types\/product"}],"wp:featuredmedia":[{"embeddable":true,"href":"https:\/\/ozince.com\/magaza\/wp-json\/wp\/v2\/media\/15564"}],"wp:attachment":[{"href":"https:\/\/ozince.com\/magaza\/wp-json\/wp\/v2\/media?parent=9259"}],"wp:term":[{"taxonomy":"product_brand","embeddable":true,"href":"https:\/\/ozince.com\/magaza\/wp-json\/wp\/v2\/product_brand?post=9259"},{"taxonomy":"product_cat","embeddable":true,"href":"https:\/\/ozince.com\/magaza\/wp-json\/wp\/v2\/product_cat?post=9259"},{"taxonomy":"product_tag","embeddable":true,"href":"https:\/\/ozince.com\/magaza\/wp-json\/wp\/v2\/product_tag?post=9259"}],"curies":[{"name":"wp","href":"https:\/\/api.w.org\/{rel}","templated":true}]}}