{"id":9257,"date":"2026-04-06T08:16:44","date_gmt":"2026-04-06T05:16:44","guid":{"rendered":"https:\/\/ozince.com\/magaza\/kategorilenmemis\/ayd-07261-burc-dingil-astra-g-98-07-meriva-03-10-zafira-99-05\/"},"modified":"2026-04-06T08:16:46","modified_gmt":"2026-04-06T05:16:46","slug":"ayd-07261-burc-dingil-astra-g-98-07-meriva-03-10-zafira-99-05","status":"publish","type":"product","link":"https:\/\/ozince.com\/magaza\/alt-takim-urunleri\/ayd-07261-burc-dingil-astra-g-98-07-meriva-03-10-zafira-99-05\/","title":{"rendered":"AYD-07261 BUR\u00c7 D\u0130NG\u0130L ASTRA G  98-07 \/ MERIVA 03-10 \/ ZAFIRA 99-05"},"content":{"rendered":"","protected":false},"excerpt":{"rendered":"","protected":false},"featured_media":12031,"template":"","meta":[],"product_brand":[235],"product_cat":[382],"product_tag":[378],"class_list":{"0":"post-9257","1":"product","2":"type-product","3":"status-publish","4":"has-post-thumbnail","6":"arac_markasi_modeli-astra-g","7":"arac_markasi_modeli-meriva","8":"arac_markasi_modeli-opel","9":"product_brand-ayd","10":"product_cat-alt-takim-urunleri","11":"product_tag-altay","13":"first","14":"instock","15":"taxable","16":"shipping-taxable","17":"purchasable","18":"product-type-simple"},"jetpack_sharing_enabled":true,"_links":{"self":[{"href":"https:\/\/ozince.com\/magaza\/wp-json\/wp\/v2\/product\/9257","targetHints":{"allow":["GET"]}}],"collection":[{"href":"https:\/\/ozince.com\/magaza\/wp-json\/wp\/v2\/product"}],"about":[{"href":"https:\/\/ozince.com\/magaza\/wp-json\/wp\/v2\/types\/product"}],"wp:featuredmedia":[{"embeddable":true,"href":"https:\/\/ozince.com\/magaza\/wp-json\/wp\/v2\/media\/12031"}],"wp:attachment":[{"href":"https:\/\/ozince.com\/magaza\/wp-json\/wp\/v2\/media?parent=9257"}],"wp:term":[{"taxonomy":"product_brand","embeddable":true,"href":"https:\/\/ozince.com\/magaza\/wp-json\/wp\/v2\/product_brand?post=9257"},{"taxonomy":"product_cat","embeddable":true,"href":"https:\/\/ozince.com\/magaza\/wp-json\/wp\/v2\/product_cat?post=9257"},{"taxonomy":"product_tag","embeddable":true,"href":"https:\/\/ozince.com\/magaza\/wp-json\/wp\/v2\/product_tag?post=9257"}],"curies":[{"name":"wp","href":"https:\/\/api.w.org\/{rel}","templated":true}]}}