{"id":9254,"date":"2026-04-10T08:15:38","date_gmt":"2026-04-10T05:15:38","guid":{"rendered":"https:\/\/ozince.com\/magaza\/kategorilenmemis\/chm-baea427-atesleme-bobini-astra-g-astra-h-corsa-d-vectra-c-insignia-a-zafira-b-z16xe-z16xep-z16xer-z18xer-a16let-z16let-a16les\/"},"modified":"2026-04-10T08:15:40","modified_gmt":"2026-04-10T05:15:40","slug":"ngk-48004-atesleme-bobini-astra-g-astra-h-corsa-d-vectra-c-insignia-a-zafira-b-z16xe-z16xep-z16xer-z18xer-a16let-z16let-a16les","status":"publish","type":"product","link":"https:\/\/ozince.com\/magaza\/sensor-ve-elektrik-urunleri\/ngk-48004-atesleme-bobini-astra-g-astra-h-corsa-d-vectra-c-insignia-a-zafira-b-z16xe-z16xep-z16xer-z18xer-a16let-z16let-a16les\/","title":{"rendered":"NGK-48004 ATE\u015eLEME BOB\u0130N\u0130 ASTRA G \/ ASTRA H \/ CORSA D \/ VECTRA C \/ INSIGNIA A \/ ZAFIRA B  Z16XE-Z16XEP-Z16XER-Z18XER-A16LET-Z16LET-A16LES"},"content":{"rendered":"","protected":false},"excerpt":{"rendered":"","protected":false},"featured_media":12284,"template":"","meta":[],"product_brand":[417],"product_cat":[374],"product_tag":[378],"class_list":{"0":"post-9254","1":"product","2":"type-product","3":"status-publish","4":"has-post-thumbnail","6":"arac_markasi_modeli-astra-g","7":"arac_markasi_modeli-astra-h","8":"arac_markasi_modeli-corsa-d","9":"arac_markasi_modeli-insignia-a","10":"arac_markasi_modeli-opel","11":"arac_markasi_modeli-vectra-c","12":"arac_markasi_modeli-zafira-b","13":"product_brand-ngk","14":"product_cat-sensor-ve-elektrik-urunleri","15":"product_tag-altay","17":"first","18":"outofstock","19":"taxable","20":"shipping-taxable","21":"purchasable","22":"product-type-simple"},"jetpack_sharing_enabled":true,"_links":{"self":[{"href":"https:\/\/ozince.com\/magaza\/wp-json\/wp\/v2\/product\/9254","targetHints":{"allow":["GET"]}}],"collection":[{"href":"https:\/\/ozince.com\/magaza\/wp-json\/wp\/v2\/product"}],"about":[{"href":"https:\/\/ozince.com\/magaza\/wp-json\/wp\/v2\/types\/product"}],"wp:featuredmedia":[{"embeddable":true,"href":"https:\/\/ozince.com\/magaza\/wp-json\/wp\/v2\/media\/12284"}],"wp:attachment":[{"href":"https:\/\/ozince.com\/magaza\/wp-json\/wp\/v2\/media?parent=9254"}],"wp:term":[{"taxonomy":"product_brand","embeddable":true,"href":"https:\/\/ozince.com\/magaza\/wp-json\/wp\/v2\/product_brand?post=9254"},{"taxonomy":"product_cat","embeddable":true,"href":"https:\/\/ozince.com\/magaza\/wp-json\/wp\/v2\/product_cat?post=9254"},{"taxonomy":"product_tag","embeddable":true,"href":"https:\/\/ozince.com\/magaza\/wp-json\/wp\/v2\/product_tag?post=9254"}],"curies":[{"name":"wp","href":"https:\/\/api.w.org\/{rel}","templated":true}]}}