{"id":9247,"date":"2026-04-11T08:12:36","date_gmt":"2026-04-11T05:12:36","guid":{"rendered":"https:\/\/ozince.com\/magaza\/kategorilenmemis\/kle-344655-yag-sogutucusu-astra-h-04-10-1-6i-montaj-aparatli\/"},"modified":"2026-04-11T08:12:37","modified_gmt":"2026-04-11T05:12:37","slug":"kle-344655-yag-sogutucusu-astra-h-04-10-1-6i-montaj-aparatli","status":"publish","type":"product","link":"https:\/\/ozince.com\/magaza\/motor-sogutma-ve-radyator-urunleri\/kle-344655-yag-sogutucusu-astra-h-04-10-1-6i-montaj-aparatli\/","title":{"rendered":"KLE-344655 YA\u011e SO\u011eUTUCUSU ASTRA H 04-10 1.6\u0130 (MONTAJ APARATLI)"},"content":{"rendered":"","protected":false},"excerpt":{"rendered":"","protected":false},"featured_media":13577,"template":"","meta":[],"product_brand":[328],"product_cat":[324],"product_tag":[378],"class_list":{"0":"post-9247","1":"product","2":"type-product","3":"status-publish","4":"has-post-thumbnail","6":"arac_markasi_modeli-astra-h","7":"arac_markasi_modeli-opel","8":"product_brand-kale","9":"product_cat-motor-sogutma-ve-radyator-urunleri","10":"product_tag-altay","12":"first","13":"instock","14":"taxable","15":"shipping-taxable","16":"purchasable","17":"product-type-simple"},"jetpack_sharing_enabled":true,"_links":{"self":[{"href":"https:\/\/ozince.com\/magaza\/wp-json\/wp\/v2\/product\/9247","targetHints":{"allow":["GET"]}}],"collection":[{"href":"https:\/\/ozince.com\/magaza\/wp-json\/wp\/v2\/product"}],"about":[{"href":"https:\/\/ozince.com\/magaza\/wp-json\/wp\/v2\/types\/product"}],"wp:featuredmedia":[{"embeddable":true,"href":"https:\/\/ozince.com\/magaza\/wp-json\/wp\/v2\/media\/13577"}],"wp:attachment":[{"href":"https:\/\/ozince.com\/magaza\/wp-json\/wp\/v2\/media?parent=9247"}],"wp:term":[{"taxonomy":"product_brand","embeddable":true,"href":"https:\/\/ozince.com\/magaza\/wp-json\/wp\/v2\/product_brand?post=9247"},{"taxonomy":"product_cat","embeddable":true,"href":"https:\/\/ozince.com\/magaza\/wp-json\/wp\/v2\/product_cat?post=9247"},{"taxonomy":"product_tag","embeddable":true,"href":"https:\/\/ozince.com\/magaza\/wp-json\/wp\/v2\/product_tag?post=9247"}],"curies":[{"name":"wp","href":"https:\/\/api.w.org\/{rel}","templated":true}]}}