{"id":9245,"date":"2026-04-07T08:14:41","date_gmt":"2026-04-07T05:14:41","guid":{"rendered":"https:\/\/ozince.com\/magaza\/kategorilenmemis\/skf-vkml83505-eksantrik-zincir-seti-astra-l-corsa-f-combo-e-crossland-grandland-vivaro-c-dv5rc-dv5rcf-d1\/"},"modified":"2026-04-07T08:14:42","modified_gmt":"2026-04-07T05:14:42","slug":"skf-vkml83505-eksantrik-zincir-seti-astra-l-corsa-f-combo-e-crossland-grandland-vivaro-c-dv5rc-dv5rcf-d1","status":"publish","type":"product","link":"https:\/\/ozince.com\/magaza\/motor-mekanik-urunleri\/skf-vkml83505-eksantrik-zincir-seti-astra-l-corsa-f-combo-e-crossland-grandland-vivaro-c-dv5rc-dv5rcf-d1\/","title":{"rendered":"SKF-VKML83505 EKSANTR\u0130K Z\u0130NC\u0130R SET\u0130 ASTRA L \/ CORSA F \/ COMBO E \/ CROSSLAND \/ GRANDLAND \/ VIVARO C DV5RC-DV5RCF-D1"},"content":{"rendered":"","protected":false},"excerpt":{"rendered":"","protected":false},"featured_media":15555,"template":"","meta":[],"product_brand":[307],"product_cat":[298],"product_tag":[378],"class_list":{"0":"post-9245","1":"product","2":"type-product","3":"status-publish","4":"has-post-thumbnail","6":"arac_markasi_modeli-corsa-f","7":"arac_markasi_modeli-grandland","8":"arac_markasi_modeli-opel","9":"arac_markasi_modeli-vivaro","10":"product_brand-skf","11":"product_cat-motor-mekanik-urunleri","12":"product_tag-altay","14":"first","15":"outofstock","16":"taxable","17":"shipping-taxable","18":"purchasable","19":"product-type-simple"},"jetpack_sharing_enabled":true,"_links":{"self":[{"href":"https:\/\/ozince.com\/magaza\/wp-json\/wp\/v2\/product\/9245","targetHints":{"allow":["GET"]}}],"collection":[{"href":"https:\/\/ozince.com\/magaza\/wp-json\/wp\/v2\/product"}],"about":[{"href":"https:\/\/ozince.com\/magaza\/wp-json\/wp\/v2\/types\/product"}],"wp:featuredmedia":[{"embeddable":true,"href":"https:\/\/ozince.com\/magaza\/wp-json\/wp\/v2\/media\/15555"}],"wp:attachment":[{"href":"https:\/\/ozince.com\/magaza\/wp-json\/wp\/v2\/media?parent=9245"}],"wp:term":[{"taxonomy":"product_brand","embeddable":true,"href":"https:\/\/ozince.com\/magaza\/wp-json\/wp\/v2\/product_brand?post=9245"},{"taxonomy":"product_cat","embeddable":true,"href":"https:\/\/ozince.com\/magaza\/wp-json\/wp\/v2\/product_cat?post=9245"},{"taxonomy":"product_tag","embeddable":true,"href":"https:\/\/ozince.com\/magaza\/wp-json\/wp\/v2\/product_tag?post=9245"}],"curies":[{"name":"wp","href":"https:\/\/api.w.org\/{rel}","templated":true}]}}