{"id":9240,"date":"2026-04-28T08:09:25","date_gmt":"2026-04-28T05:09:25","guid":{"rendered":"https:\/\/ozince.com\/magaza\/kategorilenmemis\/ytt-1457-viraj-lastigi-astra-f-vectra-a-on-18mm\/"},"modified":"2026-04-28T08:09:26","modified_gmt":"2026-04-28T05:09:26","slug":"ytt-1457-viraj-lastigi-astra-f-vectra-a-on-18mm","status":"publish","type":"product","link":"https:\/\/ozince.com\/magaza\/alt-takim-urunleri\/ytt-1457-viraj-lastigi-astra-f-vectra-a-on-18mm\/","title":{"rendered":"YTT-1457 V\u0130RAJ LAST\u0130\u011e\u0130 ASTRA F \/ VECTRA A \u00d6N 18mm"},"content":{"rendered":"","protected":false},"excerpt":{"rendered":"","protected":false},"featured_media":13471,"template":"","meta":[],"product_brand":[413],"product_cat":[382],"product_tag":[378],"class_list":{"0":"post-9240","1":"product","2":"type-product","3":"status-publish","4":"has-post-thumbnail","6":"arac_markasi_modeli-astra-f","7":"arac_markasi_modeli-opel","8":"arac_markasi_modeli-vectra-a","9":"product_brand-ytt","10":"product_cat-alt-takim-urunleri","11":"product_tag-altay","13":"first","14":"instock","15":"taxable","16":"shipping-taxable","17":"purchasable","18":"product-type-simple"},"jetpack_sharing_enabled":true,"_links":{"self":[{"href":"https:\/\/ozince.com\/magaza\/wp-json\/wp\/v2\/product\/9240","targetHints":{"allow":["GET"]}}],"collection":[{"href":"https:\/\/ozince.com\/magaza\/wp-json\/wp\/v2\/product"}],"about":[{"href":"https:\/\/ozince.com\/magaza\/wp-json\/wp\/v2\/types\/product"}],"wp:featuredmedia":[{"embeddable":true,"href":"https:\/\/ozince.com\/magaza\/wp-json\/wp\/v2\/media\/13471"}],"wp:attachment":[{"href":"https:\/\/ozince.com\/magaza\/wp-json\/wp\/v2\/media?parent=9240"}],"wp:term":[{"taxonomy":"product_brand","embeddable":true,"href":"https:\/\/ozince.com\/magaza\/wp-json\/wp\/v2\/product_brand?post=9240"},{"taxonomy":"product_cat","embeddable":true,"href":"https:\/\/ozince.com\/magaza\/wp-json\/wp\/v2\/product_cat?post=9240"},{"taxonomy":"product_tag","embeddable":true,"href":"https:\/\/ozince.com\/magaza\/wp-json\/wp\/v2\/product_tag?post=9240"}],"curies":[{"name":"wp","href":"https:\/\/api.w.org\/{rel}","templated":true}]}}