{"id":9206,"date":"2026-04-07T08:14:34","date_gmt":"2026-04-07T05:14:34","guid":{"rendered":"https:\/\/ozince.com\/magaza\/kategorilenmemis\/vr-02-37250-01-takim-conta-corsa-c-00-06-1-0-12v-z10xep-skckecesupap-lastik-ust\/"},"modified":"2026-04-07T08:14:35","modified_gmt":"2026-04-07T05:14:35","slug":"vr-02-37250-01-takim-conta-corsa-c-00-06-1-0-12v-z10xep-skckecesupap-lastik-ust","status":"publish","type":"product","link":"https:\/\/ozince.com\/magaza\/motor-mekanik-urunleri\/vr-02-37250-01-takim-conta-corsa-c-00-06-1-0-12v-z10xep-skckecesupap-lastik-ust\/","title":{"rendered":"VR-02-37250-01 TAKIM CONTA CORSA C 00-06 \/ 1.0 12V (Z10XEP) +SKC+KE\u00c7E+SUPAP LAST\u0130K \u00dcST"},"content":{"rendered":"","protected":false},"excerpt":{"rendered":"","protected":false},"featured_media":0,"template":"","meta":[],"product_brand":[422],"product_cat":[298],"product_tag":[378],"class_list":{"0":"post-9206","1":"product","2":"type-product","3":"status-publish","5":"arac_markasi_modeli-corsa-c","6":"arac_markasi_modeli-opel","7":"product_brand-v-reinz","8":"product_cat-motor-mekanik-urunleri","9":"product_tag-altay","11":"first","12":"outofstock","13":"taxable","14":"shipping-taxable","15":"purchasable","16":"product-type-simple"},"jetpack_sharing_enabled":true,"_links":{"self":[{"href":"https:\/\/ozince.com\/magaza\/wp-json\/wp\/v2\/product\/9206","targetHints":{"allow":["GET"]}}],"collection":[{"href":"https:\/\/ozince.com\/magaza\/wp-json\/wp\/v2\/product"}],"about":[{"href":"https:\/\/ozince.com\/magaza\/wp-json\/wp\/v2\/types\/product"}],"wp:attachment":[{"href":"https:\/\/ozince.com\/magaza\/wp-json\/wp\/v2\/media?parent=9206"}],"wp:term":[{"taxonomy":"product_brand","embeddable":true,"href":"https:\/\/ozince.com\/magaza\/wp-json\/wp\/v2\/product_brand?post=9206"},{"taxonomy":"product_cat","embeddable":true,"href":"https:\/\/ozince.com\/magaza\/wp-json\/wp\/v2\/product_cat?post=9206"},{"taxonomy":"product_tag","embeddable":true,"href":"https:\/\/ozince.com\/magaza\/wp-json\/wp\/v2\/product_tag?post=9206"}],"curies":[{"name":"wp","href":"https:\/\/api.w.org\/{rel}","templated":true}]}}