{"id":9190,"date":"2026-04-30T08:17:11","date_gmt":"2026-04-30T05:17:11","guid":{"rendered":"https:\/\/ozince.com\/magaza\/kategorilenmemis\/snr-r15348-teker-poryasi-astra-h-04-10-zafira-b-05-15-on-rulmanli-5-bijon-absli\/"},"modified":"2026-04-30T08:17:12","modified_gmt":"2026-04-30T05:17:12","slug":"snr-r15348-teker-poryasi-astra-h-04-10-zafira-b-05-15-on-rulmanli-5-bijon-absli","status":"publish","type":"product","link":"https:\/\/ozince.com\/magaza\/aks-urunleri\/snr-r15348-teker-poryasi-astra-h-04-10-zafira-b-05-15-on-rulmanli-5-bijon-absli\/","title":{"rendered":"SNR-R15348 TEKER PORYASI ASTRA H 04-10 \/ ZAFIRA B 05-15 \u00d6N RULMANLI 5 B\u0130JON ABSL\u0130"},"content":{"rendered":"","protected":false},"excerpt":{"rendered":"","protected":false},"featured_media":12768,"template":"","meta":[],"product_brand":[308],"product_cat":[379],"product_tag":[378],"class_list":{"0":"post-9190","1":"product","2":"type-product","3":"status-publish","4":"has-post-thumbnail","6":"arac_markasi_modeli-astra-h","7":"arac_markasi_modeli-opel","8":"arac_markasi_modeli-zafira-b","9":"product_brand-snr","10":"product_cat-aks-urunleri","11":"product_tag-altay","13":"first","14":"outofstock","15":"taxable","16":"shipping-taxable","17":"purchasable","18":"product-type-simple"},"jetpack_sharing_enabled":true,"_links":{"self":[{"href":"https:\/\/ozince.com\/magaza\/wp-json\/wp\/v2\/product\/9190","targetHints":{"allow":["GET"]}}],"collection":[{"href":"https:\/\/ozince.com\/magaza\/wp-json\/wp\/v2\/product"}],"about":[{"href":"https:\/\/ozince.com\/magaza\/wp-json\/wp\/v2\/types\/product"}],"wp:featuredmedia":[{"embeddable":true,"href":"https:\/\/ozince.com\/magaza\/wp-json\/wp\/v2\/media\/12768"}],"wp:attachment":[{"href":"https:\/\/ozince.com\/magaza\/wp-json\/wp\/v2\/media?parent=9190"}],"wp:term":[{"taxonomy":"product_brand","embeddable":true,"href":"https:\/\/ozince.com\/magaza\/wp-json\/wp\/v2\/product_brand?post=9190"},{"taxonomy":"product_cat","embeddable":true,"href":"https:\/\/ozince.com\/magaza\/wp-json\/wp\/v2\/product_cat?post=9190"},{"taxonomy":"product_tag","embeddable":true,"href":"https:\/\/ozince.com\/magaza\/wp-json\/wp\/v2\/product_tag?post=9190"}],"curies":[{"name":"wp","href":"https:\/\/api.w.org\/{rel}","templated":true}]}}