{"id":9172,"date":"2026-04-11T08:12:22","date_gmt":"2026-04-11T05:12:22","guid":{"rendered":"https:\/\/ozince.com\/magaza\/kategorilenmemis\/elr-344-680-silindir-kapak-conta-vectra-b-x20dth-y20dth-y22dtr\/"},"modified":"2026-04-11T08:12:23","modified_gmt":"2026-04-11T05:12:23","slug":"elr-344-680-silindir-kapak-conta-vectra-b-x20dth-y20dth-y22dtr","status":"publish","type":"product","link":"https:\/\/ozince.com\/magaza\/motor-mekanik-urunleri\/elr-344-680-silindir-kapak-conta-vectra-b-x20dth-y20dth-y22dtr\/","title":{"rendered":"ELR-344.680 S\u0130L\u0130ND\u0130R KAPAK CONTA VECTRA B X20DTH \/ Y20DTH \/ Y22DTR"},"content":{"rendered":"","protected":false},"excerpt":{"rendered":"","protected":false},"featured_media":12903,"template":"","meta":[],"product_brand":[421],"product_cat":[298],"product_tag":[378],"class_list":{"0":"post-9172","1":"product","2":"type-product","3":"status-publish","4":"has-post-thumbnail","6":"arac_markasi_modeli-opel","7":"arac_markasi_modeli-vectra-b","8":"product_brand-elring","9":"product_cat-motor-mekanik-urunleri","10":"product_tag-altay","12":"first","13":"instock","14":"taxable","15":"shipping-taxable","16":"purchasable","17":"product-type-simple"},"jetpack_sharing_enabled":true,"_links":{"self":[{"href":"https:\/\/ozince.com\/magaza\/wp-json\/wp\/v2\/product\/9172","targetHints":{"allow":["GET"]}}],"collection":[{"href":"https:\/\/ozince.com\/magaza\/wp-json\/wp\/v2\/product"}],"about":[{"href":"https:\/\/ozince.com\/magaza\/wp-json\/wp\/v2\/types\/product"}],"wp:featuredmedia":[{"embeddable":true,"href":"https:\/\/ozince.com\/magaza\/wp-json\/wp\/v2\/media\/12903"}],"wp:attachment":[{"href":"https:\/\/ozince.com\/magaza\/wp-json\/wp\/v2\/media?parent=9172"}],"wp:term":[{"taxonomy":"product_brand","embeddable":true,"href":"https:\/\/ozince.com\/magaza\/wp-json\/wp\/v2\/product_brand?post=9172"},{"taxonomy":"product_cat","embeddable":true,"href":"https:\/\/ozince.com\/magaza\/wp-json\/wp\/v2\/product_cat?post=9172"},{"taxonomy":"product_tag","embeddable":true,"href":"https:\/\/ozince.com\/magaza\/wp-json\/wp\/v2\/product_tag?post=9172"}],"curies":[{"name":"wp","href":"https:\/\/api.w.org\/{rel}","templated":true}]}}