{"id":9144,"date":"2026-04-07T08:14:22","date_gmt":"2026-04-07T05:14:22","guid":{"rendered":"https:\/\/ozince.com\/magaza\/kategorilenmemis\/gates-t38344-vantilator-gergisi-corsa-c-astra-g-astra-h-z12xe-z14xep-a14net-b14net\/"},"modified":"2026-04-07T08:14:23","modified_gmt":"2026-04-07T05:14:23","slug":"gates-t38344-vantilator-gergisi-corsa-c-astra-g-astra-h-z12xe-z14xep-a14net-b14net","status":"publish","type":"product","link":"https:\/\/ozince.com\/magaza\/motor-mekanik-urunleri\/gates-t38344-vantilator-gergisi-corsa-c-astra-g-astra-h-z12xe-z14xep-a14net-b14net\/","title":{"rendered":"GATES-T38344 VANT\u0130LAT\u00d6R GERG\u0130S\u0130 CORSA C \/ ASTRA G \/ ASTRA H Z12XE-Z14XEP-A14NET-B14NET"},"content":{"rendered":"","protected":false},"excerpt":{"rendered":"","protected":false},"featured_media":13645,"template":"","meta":[],"product_brand":[299],"product_cat":[298],"product_tag":[378],"class_list":{"0":"post-9144","1":"product","2":"type-product","3":"status-publish","4":"has-post-thumbnail","6":"arac_markasi_modeli-astra-g","7":"arac_markasi_modeli-astra-h","8":"arac_markasi_modeli-corsa-c","9":"arac_markasi_modeli-opel","10":"product_brand-gates","11":"product_cat-motor-mekanik-urunleri","12":"product_tag-altay","14":"first","15":"instock","16":"taxable","17":"shipping-taxable","18":"purchasable","19":"product-type-simple"},"jetpack_sharing_enabled":true,"_links":{"self":[{"href":"https:\/\/ozince.com\/magaza\/wp-json\/wp\/v2\/product\/9144","targetHints":{"allow":["GET"]}}],"collection":[{"href":"https:\/\/ozince.com\/magaza\/wp-json\/wp\/v2\/product"}],"about":[{"href":"https:\/\/ozince.com\/magaza\/wp-json\/wp\/v2\/types\/product"}],"wp:featuredmedia":[{"embeddable":true,"href":"https:\/\/ozince.com\/magaza\/wp-json\/wp\/v2\/media\/13645"}],"wp:attachment":[{"href":"https:\/\/ozince.com\/magaza\/wp-json\/wp\/v2\/media?parent=9144"}],"wp:term":[{"taxonomy":"product_brand","embeddable":true,"href":"https:\/\/ozince.com\/magaza\/wp-json\/wp\/v2\/product_brand?post=9144"},{"taxonomy":"product_cat","embeddable":true,"href":"https:\/\/ozince.com\/magaza\/wp-json\/wp\/v2\/product_cat?post=9144"},{"taxonomy":"product_tag","embeddable":true,"href":"https:\/\/ozince.com\/magaza\/wp-json\/wp\/v2\/product_tag?post=9144"}],"curies":[{"name":"wp","href":"https:\/\/api.w.org\/{rel}","templated":true}]}}