{"id":9124,"date":"2026-04-06T08:16:21","date_gmt":"2026-04-06T05:16:21","guid":{"rendered":"https:\/\/ozince.com\/magaza\/kategorilenmemis\/ufi-24-one-02-yakit-filtresi-mazot-corsa-d-07-10-1-3-cdti-oem-orijinal-equipment-manufacturer\/"},"modified":"2026-04-06T08:16:21","modified_gmt":"2026-04-06T05:16:21","slug":"ufi-24-one-02-yakit-filtresi-mazot-corsa-d-07-10-1-3-cdti-oem-orijinal-equipment-manufacturer","status":"publish","type":"product","link":"https:\/\/ozince.com\/magaza\/periyodik-bakim-ve-filtre-urunleri\/ufi-24-one-02-yakit-filtresi-mazot-corsa-d-07-10-1-3-cdti-oem-orijinal-equipment-manufacturer\/","title":{"rendered":"UFI-24.ONE.02 YAKIT FILTRESI ( MAZOT) CORSA D 07-10 1.3 CDTI OEM (OR\u0130J\u0130NAL EQU\u0130PMENT MANUFACTURER)"},"content":{"rendered":"","protected":false},"excerpt":{"rendered":"","protected":false},"featured_media":13217,"template":"","meta":[],"product_brand":[442],"product_cat":[352],"product_tag":[378],"class_list":{"0":"post-9124","1":"product","2":"type-product","3":"status-publish","4":"has-post-thumbnail","6":"arac_markasi_modeli-corsa-d","7":"arac_markasi_modeli-opel","8":"product_brand-ufi","9":"product_cat-periyodik-bakim-ve-filtre-urunleri","10":"product_tag-altay","12":"first","13":"instock","14":"taxable","15":"shipping-taxable","16":"purchasable","17":"product-type-simple"},"jetpack_sharing_enabled":true,"_links":{"self":[{"href":"https:\/\/ozince.com\/magaza\/wp-json\/wp\/v2\/product\/9124","targetHints":{"allow":["GET"]}}],"collection":[{"href":"https:\/\/ozince.com\/magaza\/wp-json\/wp\/v2\/product"}],"about":[{"href":"https:\/\/ozince.com\/magaza\/wp-json\/wp\/v2\/types\/product"}],"wp:featuredmedia":[{"embeddable":true,"href":"https:\/\/ozince.com\/magaza\/wp-json\/wp\/v2\/media\/13217"}],"wp:attachment":[{"href":"https:\/\/ozince.com\/magaza\/wp-json\/wp\/v2\/media?parent=9124"}],"wp:term":[{"taxonomy":"product_brand","embeddable":true,"href":"https:\/\/ozince.com\/magaza\/wp-json\/wp\/v2\/product_brand?post=9124"},{"taxonomy":"product_cat","embeddable":true,"href":"https:\/\/ozince.com\/magaza\/wp-json\/wp\/v2\/product_cat?post=9124"},{"taxonomy":"product_tag","embeddable":true,"href":"https:\/\/ozince.com\/magaza\/wp-json\/wp\/v2\/product_tag?post=9124"}],"curies":[{"name":"wp","href":"https:\/\/api.w.org\/{rel}","templated":true}]}}